{"id":124,"date":"2020-04-15T16:06:30","date_gmt":"2020-04-15T19:06:30","guid":{"rendered":"http:\/\/www.poloeducacionalsesc.com.br\/?page_id=124"},"modified":"2026-05-11T10:24:52","modified_gmt":"2026-05-11T13:24:52","slug":"contato","status":"publish","type":"page","link":"https:\/\/www.sesc.com.br\/poloeducacional\/contato\/","title":{"rendered":"Contato"},"content":{"rendered":"<p>[et_pb_section fb_built=&#8221;1&#8243; fullwidth=&#8221;on&#8221; _builder_version=&#8221;4.17.4&#8243; _module_preset=&#8221;default&#8221; background_image=&#8221;http:\/\/www.poloeducacionalsesc.com.br\/wp-content\/uploads\/2022\/06\/20210525_161415.jpg&#8221; background_position=&#8221;center_left&#8221; width=&#8221;100%&#8221; global_colors_info=&#8221;{}&#8221;][et_pb_fullwidth_header title=&#8221;Contato&#8221; text_orientation=&#8221;right&#8221; background_overlay_color=&#8221;rgba(0,0,0,0.4)&#8221; _builder_version=&#8221;4.17.4&#8243; _module_preset=&#8221;default&#8221; title_font=&#8221;|700|||||||&#8221; title_font_size=&#8221;50px&#8221; subhead_font=&#8221;|300|||||||&#8221; subhead_font_size=&#8221;24px&#8221; background_enable_color=&#8221;off&#8221; background_enable_image=&#8221;off&#8221; width=&#8221;100%&#8221; module_alignment=&#8221;left&#8221; min_height=&#8221;300px&#8221; custom_css_main_element=&#8221;display: flex;&#8221; custom_css_header_container=&#8221;vertical-align: middle&#8221; border_width_top=&#8221;4px&#8221; border_color_top=&#8221;#f6ba18&#8243; border_width_bottom=&#8221;4px&#8221; border_color_bottom=&#8221;#f6ba18&#8243; global_colors_info=&#8221;{}&#8221;][\/et_pb_fullwidth_header][\/et_pb_section][et_pb_section fb_built=&#8221;1&#8243; _builder_version=&#8221;4.24.0&#8243; _module_preset=&#8221;default&#8221; custom_margin=&#8221;||-132px|||&#8221; custom_padding=&#8221;0px|||||&#8221; global_colors_info=&#8221;{}&#8221;][et_pb_row column_structure=&#8221;1_2,1_2&#8243; _builder_version=&#8221;4.16&#8243; min_height=&#8221;549.4px&#8221; global_colors_info=&#8221;{}&#8221;][et_pb_column type=&#8221;1_2&#8243; _builder_version=&#8221;4.17.5&#8243; _module_preset=&#8221;default&#8221; global_colors_info=&#8221;{}&#8221;][et_pb_code _builder_version=&#8221;4.17.5&#8243; _module_preset=&#8221;default&#8221; min_height=&#8221;431.8px&#8221; global_colors_info=&#8221;{}&#8221;]<iframe<!-- [et_pb_line_break_holder] -->  width=&#8221;100%&#8221;<!-- [et_pb_line_break_holder] -->  height=&#8221;450&#8243;<!-- [et_pb_line_break_holder] -->  style=&#8221;border:0&#8243;<!-- [et_pb_line_break_holder] -->  loading=&#8221;lazy&#8221;<!-- [et_pb_line_break_holder] -->  allowfullscreen<!-- [et_pb_line_break_holder] -->  referrerpolicy=&#8221;no-referrer-when-downgrade&#8221;<!-- [et_pb_line_break_holder] -->  src=&#8221;https:\/\/www.google.com\/maps\/embed\/v1\/place?key=AIzaSyAahZoYIrrLfAou64ufIYE4c9eAJV77aLw<!-- [et_pb_line_break_holder] -->    &#038;q=Polo+Educacional+Sesc&#8221;><!-- [et_pb_line_break_holder] --><\/iframe>[\/et_pb_code][\/et_pb_column][et_pb_column type=&#8221;1_2&#8243; _builder_version=&#8221;4.16&#8243; global_colors_info=&#8221;{}&#8221;][et_pb_contact_form email=&#8221;contato@escolasesc.com.br&#8221; title=&#8221;Contato&#8221; success_message=&#8221;Sua mensagem foi enviada. Aguarde o nosso contato.&#8221; _builder_version=&#8221;4.17.4&#8243; _unique_id=&#8221;0eb3d503-cd21-47f5-8094-137a99c8ff93&#8243; title_font=&#8221;||||||||&#8221; title_text_color=&#8221;#004c99&#8243; title_font_size=&#8221;44px&#8221; custom_button=&#8221;on&#8221; button_font=&#8221;|700|||||||&#8221; custom_padding=&#8221;20px|20px|20px|20px|false|false&#8221; global_colors_info=&#8221;{}&#8221;][et_pb_contact_field field_id=&#8221;Meu_perfil&#8221; field_title=&#8221;Meu perfil&#8221; field_type=&#8221;select&#8221; select_options=&#8221;%91{%22value%22:%22Visitante%22,%22checked%22:0,%22dragID%22:-1},{%22value%22:%22Respons\u00e1vel de estudante%22,%22checked%22:0,%22dragID%22:0},{%22value%22:%22Estudante%22,%22checked%22:0,%22dragID%22:1},{%22value%22:%22Egresso%22,%22checked%22:0,%22dragID%22:2},{%22value%22:%22Funcion\u00e1rio do Sesc%22,%22checked%22:0,%22dragID%22:3},{%22value%22:%22Fornecedor%22,%22checked%22:0,%22dragID%22:4},{%22value%22:%22Outro%22,%22checked%22:0,%22dragID%22:5}%93&#8243; fullwidth_field=&#8221;on&#8221; _builder_version=&#8221;4.16&#8243; global_colors_info=&#8221;{}&#8221;][\/et_pb_contact_field][et_pb_contact_field field_id=&#8221;Nome&#8221; field_title=&#8221;Nome&#8221; _builder_version=&#8221;4.16&#8243; global_colors_info=&#8221;{}&#8221; button_text_size__hover_enabled=&#8221;off&#8221; button_one_text_size__hover_enabled=&#8221;off&#8221; button_two_text_size__hover_enabled=&#8221;off&#8221; button_text_color__hover_enabled=&#8221;off&#8221; button_one_text_color__hover_enabled=&#8221;off&#8221; button_two_text_color__hover_enabled=&#8221;off&#8221; button_border_width__hover_enabled=&#8221;off&#8221; button_one_border_width__hover_enabled=&#8221;off&#8221; button_two_border_width__hover_enabled=&#8221;off&#8221; button_border_color__hover_enabled=&#8221;off&#8221; button_one_border_color__hover_enabled=&#8221;off&#8221; button_two_border_color__hover_enabled=&#8221;off&#8221; button_border_radius__hover_enabled=&#8221;off&#8221; button_one_border_radius__hover_enabled=&#8221;off&#8221; button_two_border_radius__hover_enabled=&#8221;off&#8221; button_letter_spacing__hover_enabled=&#8221;off&#8221; button_one_letter_spacing__hover_enabled=&#8221;off&#8221; button_two_letter_spacing__hover_enabled=&#8221;off&#8221; button_bg_color__hover_enabled=&#8221;off&#8221; button_one_bg_color__hover_enabled=&#8221;off&#8221; button_two_bg_color__hover_enabled=&#8221;off&#8221;][\/et_pb_contact_field][et_pb_contact_field field_id=&#8221;E-mail&#8221; field_title=&#8221;E-mail&#8221; field_type=&#8221;email&#8221; _builder_version=&#8221;4.16&#8243; global_colors_info=&#8221;{}&#8221; button_text_size__hover_enabled=&#8221;off&#8221; button_one_text_size__hover_enabled=&#8221;off&#8221; button_two_text_size__hover_enabled=&#8221;off&#8221; button_text_color__hover_enabled=&#8221;off&#8221; button_one_text_color__hover_enabled=&#8221;off&#8221; button_two_text_color__hover_enabled=&#8221;off&#8221; button_border_width__hover_enabled=&#8221;off&#8221; button_one_border_width__hover_enabled=&#8221;off&#8221; button_two_border_width__hover_enabled=&#8221;off&#8221; button_border_color__hover_enabled=&#8221;off&#8221; button_one_border_color__hover_enabled=&#8221;off&#8221; button_two_border_color__hover_enabled=&#8221;off&#8221; button_border_radius__hover_enabled=&#8221;off&#8221; button_one_border_radius__hover_enabled=&#8221;off&#8221; button_two_border_radius__hover_enabled=&#8221;off&#8221; button_letter_spacing__hover_enabled=&#8221;off&#8221; button_one_letter_spacing__hover_enabled=&#8221;off&#8221; button_two_letter_spacing__hover_enabled=&#8221;off&#8221; button_bg_color__hover_enabled=&#8221;off&#8221; button_one_bg_color__hover_enabled=&#8221;off&#8221; button_two_bg_color__hover_enabled=&#8221;off&#8221;][\/et_pb_contact_field][et_pb_contact_field field_id=&#8221;Mensagem&#8221; field_title=&#8221;Mensagem&#8221; field_type=&#8221;text&#8221; fullwidth_field=&#8221;on&#8221; _builder_version=&#8221;4.16&#8243; global_colors_info=&#8221;{}&#8221; button_text_size__hover_enabled=&#8221;off&#8221; button_one_text_size__hover_enabled=&#8221;off&#8221; button_two_text_size__hover_enabled=&#8221;off&#8221; button_text_color__hover_enabled=&#8221;off&#8221; button_one_text_color__hover_enabled=&#8221;off&#8221; button_two_text_color__hover_enabled=&#8221;off&#8221; button_border_width__hover_enabled=&#8221;off&#8221; button_one_border_width__hover_enabled=&#8221;off&#8221; button_two_border_width__hover_enabled=&#8221;off&#8221; button_border_color__hover_enabled=&#8221;off&#8221; button_one_border_color__hover_enabled=&#8221;off&#8221; button_two_border_color__hover_enabled=&#8221;off&#8221; button_border_radius__hover_enabled=&#8221;off&#8221; button_one_border_radius__hover_enabled=&#8221;off&#8221; button_two_border_radius__hover_enabled=&#8221;off&#8221; button_letter_spacing__hover_enabled=&#8221;off&#8221; button_one_letter_spacing__hover_enabled=&#8221;off&#8221; button_two_letter_spacing__hover_enabled=&#8221;off&#8221; button_bg_color__hover_enabled=&#8221;off&#8221; button_one_bg_color__hover_enabled=&#8221;off&#8221; button_two_bg_color__hover_enabled=&#8221;off&#8221;][\/et_pb_contact_field][et_pb_contact_field field_id=&#8221;Privacidade_e_dados_pessoais&#8221; field_title=&#8221;Privacidade e dados pessoais&#8221; field_type=&#8221;radio&#8221; radio_options=&#8221;%91{%22value%22:%22Estou ciente de que os dados coletados ser\u00e3o armazenados para o cumprimento das finalidades de contato com o Polo Educacional Sesc e n\u00e3o ser\u00e3o compartilhados com terceiros e\/ou para outros fins.%22,%22checked%22:0,%22dragID%22:-1}%93&#8243; fullwidth_field=&#8221;on&#8221; _builder_version=&#8221;4.16&#8243; _module_preset=&#8221;default&#8221; global_colors_info=&#8221;{}&#8221;][\/et_pb_contact_field][\/et_pb_contact_form][\/et_pb_column][\/et_pb_row][et_pb_row _builder_version=&#8221;4.24.0&#8243; _module_preset=&#8221;default&#8221; background_color=&#8221;RGBA(255,255,255,0)&#8221; min_height=&#8221;103.8px&#8221; custom_padding=&#8221;0px||21px|||&#8221; global_colors_info=&#8221;{}&#8221;][et_pb_column type=&#8221;4_4&#8243; _builder_version=&#8221;4.24.0&#8243; _module_preset=&#8221;default&#8221; global_colors_info=&#8221;{}&#8221;][et_pb_text _builder_version=&#8221;4.24.0&#8243; _module_preset=&#8221;default&#8221; text_font_size=&#8221;20px&#8221; min_height=&#8221;44.8px&#8221; custom_margin=&#8221;19px||-26px|||&#8221; custom_padding=&#8221;||19px|||&#8221; border_width_all=&#8221;1px&#8221; border_color_all=&#8221;rgba(12,113,195,0)&#8221; box_shadow_style=&#8221;preset1&#8243; global_colors_info=&#8221;{}&#8221;]<\/p>\n<p style=\"text-align: center;\"><strong><\/strong><\/p>\n<p style=\"text-align: center;\"><strong>Endere\u00e7o eletr\u00f4nico:<\/strong> <a href=\"mailto:contato@escolasesc.com.br\">contato@escolasesc.com.br<\/a><\/p>\n<p>[\/et_pb_text][\/et_pb_column][\/et_pb_row][et_pb_row _builder_version=&#8221;4.24.0&#8243; _module_preset=&#8221;default&#8221; min_height=&#8221;278.6px&#8221; global_colors_info=&#8221;{}&#8221;][et_pb_column type=&#8221;4_4&#8243; _builder_version=&#8221;4.24.0&#8243; _module_preset=&#8221;default&#8221; global_colors_info=&#8221;{}&#8221;][et_pb_cta title=&#8221;Conhecendo o Polo Educacional Sesc&#8221; button_url=&#8221;https:\/\/www.sesc.com.br\/poloeducacional\/visita-guiada\/&#8221; url_new_window=&#8221;on&#8221; button_text=&#8221;Saiba mais&#8221; _builder_version=&#8221;4.27.6&#8243; _module_preset=&#8221;default&#8221; background_color=&#8221;#0C71C3&#8243; min_height=&#8221;171.8px&#8221; custom_padding=&#8221;22px||15px|||&#8221; hover_enabled=&#8221;0&#8243; global_colors_info=&#8221;{}&#8221; sticky_enabled=&#8221;0&#8243;]<\/p>\n<p><span>Projeto de visita\u00e7\u00e3o guiada ao <\/span><em>campus.<\/em><\/p>\n<p>[\/et_pb_cta][\/et_pb_column][\/et_pb_row][\/et_pb_section][et_pb_section fb_built=&#8221;1&#8243; _builder_version=&#8221;4.17.4&#8243; _module_preset=&#8221;default&#8221; background_color=&#8221;#f9f9f9&#8243; min_height=&#8221;315.9px&#8221; custom_margin=&#8221;65px|||||&#8221; custom_padding=&#8221;51px|||||&#8221; global_colors_info=&#8221;{}&#8221;][et_pb_row column_structure=&#8221;1_2,1_2&#8243; _builder_version=&#8221;4.17.4&#8243; _module_preset=&#8221;default&#8221; min_height=&#8221;353.9px&#8221; custom_padding=&#8221;40px||40px|||&#8221; custom_css_main_element=&#8221;display:flex;||align-items: center;&#8221; global_colors_info=&#8221;{}&#8221; custom_css_main_element_last_edited=&#8221;on|phone&#8221; custom_css_main_element_phone=&#8221;display:block;&#8221; custom_css_main_element_tablet=&#8221;display:flex;||align-items: center;&#8221;][et_pb_column type=&#8221;1_2&#8243; _builder_version=&#8221;4.17.4&#8243; _module_preset=&#8221;default&#8221; global_colors_info=&#8221;{}&#8221;][et_pb_image src=&#8221;http:\/\/www.poloeducacionalsesc.com.br\/wp-content\/uploads\/2022\/06\/unnamed-file.jpg&#8221; title_text=&#8221;,&#8221; _builder_version=&#8221;4.17.4&#8243; _module_preset=&#8221;default&#8221; width=&#8221;80%&#8221; global_colors_info=&#8221;{}&#8221;][\/et_pb_image][\/et_pb_column][et_pb_column type=&#8221;1_2&#8243; _builder_version=&#8221;4.17.4&#8243; _module_preset=&#8221;default&#8221; global_colors_info=&#8221;{}&#8221;][et_pb_text _builder_version=&#8221;4.17.4&#8243; _module_preset=&#8221;default&#8221; text_font=&#8221;|300|||||||&#8221; header_font=&#8221;|800|||||||&#8221; header_text_color=&#8221;#004c99&#8243; header_font_size=&#8221;36px&#8221; custom_margin=&#8221;||9px|||&#8221; custom_css_main_element=&#8221;vertical-align: middle;&#8221; global_colors_info=&#8221;{}&#8221;]<\/p>\n<h1>O Polo Educacional Sesc<\/h1>\n<p><span>O Polo Educacional Sesc oferece toda a estrutura necess\u00e1ria para o ensino de excel\u00eancia em diferentes segmentos: Escola Sesc de Ensino M\u00e9dio, Escola Sesc de Artes Dram\u00e1ticas e cursos livres nas \u00e1reas de cultura, tecnologia, esportes e l\u00ednguas estrangeiras.<\/span><\/p>\n<p>[\/et_pb_text][et_pb_button button_url=&#8221;@ET-DC@eyJkeW5hbWljIjp0cnVlLCJjb250ZW50IjoicG9zdF9saW5rX3VybF9wYWdlIiwic2V0dGluZ3MiOnsicG9zdF9pZCI6IjcwNzIifX0=@&#8221; button_text=&#8221;Quem somos&#8221; button_alignment=&#8221;left&#8221; _builder_version=&#8221;4.17.4&#8243; _dynamic_attributes=&#8221;button_url&#8221; _module_preset=&#8221;default&#8221; custom_button=&#8221;on&#8221; button_text_size=&#8221;16px&#8221; button_text_color=&#8221;#004c99&#8243; button_bg_color=&#8221;#FFFFFF&#8221; button_border_width=&#8221;1px&#8221; button_border_color=&#8221;rgba(140,145,153,0.18)&#8221; button_border_radius=&#8221;11px&#8221; button_icon=&#8221;&#x49;||divi||400&#8243; button_icon_color=&#8221;#004c99&#8243; button_on_hover=&#8221;off&#8221; custom_margin=&#8221;||15px||false|false&#8221; custom_padding=&#8221;||||false|false&#8221; custom_css_main_element=&#8221;width:auto;&#8221; box_shadow_style=&#8221;preset4&#8243; box_shadow_horizontal=&#8221;0px&#8221; box_shadow_spread=&#8221;-5px&#8221; box_shadow_color=&#8221;#f6ba18&#8243; global_colors_info=&#8221;{}&#8221; button_text_color__hover_enabled=&#8221;on|desktop&#8221; button_text_color__hover=&#8221;#000000&#8243;][\/et_pb_button][\/et_pb_column][\/et_pb_row][\/et_pb_section]<\/p>\n","protected":false},"excerpt":{"rendered":"<p>Endere\u00e7o eletr\u00f4nico: contato@escolasesc.com.brProjeto de visita\u00e7\u00e3o guiada ao campus.O Polo Educacional Sesc O Polo Educacional Sesc oferece toda a estrutura necess\u00e1ria para o ensino de excel\u00eancia em diferentes segmentos: Escola Sesc de Ensino M\u00e9dio, Escola Sesc de Artes Dram\u00e1ticas e cursos livres nas \u00e1reas de cultura, tecnologia, esportes e l\u00ednguas estrangeiras.<\/p>\n","protected":false},"author":1,"featured_media":0,"parent":0,"menu_order":0,"comment_status":"closed","ping_status":"closed","template":"","meta":{"_et_pb_use_builder":"on","_et_pb_old_content":"","_et_gb_content_width":"","footnotes":""},"class_list":["post-124","page","type-page","status-publish","hentry"],"_links":{"self":[{"href":"https:\/\/www.sesc.com.br\/poloeducacional\/wp-json\/wp\/v2\/pages\/124","targetHints":{"allow":["GET"]}}],"collection":[{"href":"https:\/\/www.sesc.com.br\/poloeducacional\/wp-json\/wp\/v2\/pages"}],"about":[{"href":"https:\/\/www.sesc.com.br\/poloeducacional\/wp-json\/wp\/v2\/types\/page"}],"author":[{"embeddable":true,"href":"https:\/\/www.sesc.com.br\/poloeducacional\/wp-json\/wp\/v2\/users\/1"}],"replies":[{"embeddable":true,"href":"https:\/\/www.sesc.com.br\/poloeducacional\/wp-json\/wp\/v2\/comments?post=124"}],"version-history":[{"count":18,"href":"https:\/\/www.sesc.com.br\/poloeducacional\/wp-json\/wp\/v2\/pages\/124\/revisions"}],"predecessor-version":[{"id":9760,"href":"https:\/\/www.sesc.com.br\/poloeducacional\/wp-json\/wp\/v2\/pages\/124\/revisions\/9760"}],"wp:attachment":[{"href":"https:\/\/www.sesc.com.br\/poloeducacional\/wp-json\/wp\/v2\/media?parent=124"}],"curies":[{"name":"wp","href":"https:\/\/api.w.org\/{rel}","templated":true}]}}