{"id":6309,"date":"2020-12-18T10:08:00","date_gmt":"2020-12-18T13:08:00","guid":{"rendered":"http:\/\/www.poloeducacionalsesc.com.br\/?page_id=6309"},"modified":"2022-07-04T16:15:20","modified_gmt":"2022-07-04T19:15:20","slug":"privacidade-e-dados-pessoais","status":"publish","type":"page","link":"https:\/\/www.sesc.com.br\/poloeducacional\/privacidade-e-dados-pessoais\/","title":{"rendered":"Privacidade e dados pessoais"},"content":{"rendered":"<p>[et_pb_section fb_built=&#8221;1&#8243; fullwidth=&#8221;on&#8221; _builder_version=&#8221;4.16&#8243; _module_preset=&#8221;default&#8221; global_colors_info=&#8221;{}&#8221;][et_pb_fullwidth_header title=&#8221;Privacidade e dados pessoais&#8221; background_overlay_color=&#8221;rgba(0,69,135,0.36)&#8221; _builder_version=&#8221;4.16&#8243; _module_preset=&#8221;default&#8221; title_font=&#8221;|700|||||||&#8221; title_text_align=&#8221;center&#8221; title_font_size=&#8221;36px&#8221; background_image=&#8221;http:\/\/www.poloeducacionalsesc.com.br\/wp-content\/uploads\/2021\/11\/1622483064887.jpg&#8221; title_text_shadow_style=&#8221;preset1&#8243; global_colors_info=&#8221;{}&#8221;][\/et_pb_fullwidth_header][\/et_pb_section][et_pb_section fb_built=&#8221;1&#8243; _builder_version=&#8221;4.16&#8243; _module_preset=&#8221;default&#8221; custom_padding=&#8221;0px|||||&#8221; bottom_divider_style=&#8221;curve2&#8243; bottom_divider_color=&#8221;#004587&#8243; global_colors_info=&#8221;{}&#8221;][et_pb_row _builder_version=&#8221;4.16&#8243; _module_preset=&#8221;default&#8221; custom_margin=&#8221;|auto|24px|auto||&#8221; global_colors_info=&#8221;{}&#8221;][et_pb_column type=&#8221;4_4&#8243; _builder_version=&#8221;4.16&#8243; _module_preset=&#8221;default&#8221; global_colors_info=&#8221;{}&#8221;][et_pb_text _builder_version=&#8221;4.16&#8243; _module_preset=&#8221;default&#8221; global_colors_info=&#8221;{}&#8221;]<\/p>\n<h1 class=\"titulo-breadcrumb-medium\" style=\"text-align: center;\"><\/h1>\n<p dir=\"ltr\">O Polo Educacional Sesc n\u00e3o realiza coleta e tratamento de dados pessoais de visitantes neste portal <a href=\"http:\/\/www.poloeducacionalsesc.com.br\">(www.poloeducacionalsesc.com.br)<\/a>. Dados de acesso, como origem, tempo de perman\u00eancia e conte\u00fado pesquisado tornam-se an\u00f4nimos na plataforma de monitoramento Google Analytics, e s\u00e3o utilizados somente para melhoria da experi\u00eancia dos usu\u00e1rios no portal. Durante a navega\u00e7\u00e3o n\u00e3o ser\u00e3o armazenados dados pessoais em cookies ou por outra tecnologia. Para saber mais detalhes sobre esse assunto, acesse:\u00a0<a href=\"https:\/\/support.google.com\/analytics\/answer\/6004245\">https:\/\/support.google.com\/analytics\/answer\/6004245<\/a><\/p>\n<p dir=\"ltr\">Coleta ou tratamento de dados pessoais ser\u00e3o realizados pelo Polo Educacional Sesc quando forem necess\u00e1rios para atendimento de demandas dos usu\u00e1rios. Nesses casos, o visitante ser\u00e1 informado sobre o tratamento antes de fornecer qualquer informa\u00e7\u00e3o.<\/p>\n<p dir=\"ltr\">Em caso de requisi\u00e7\u00f5es ou de d\u00favidas sobre dados pessoais tratados pelo Departamento Nacional do Sesc, entre em contato com o\u00a0email: encarregado_lgpd@sesc.com.br.<\/p>\n<p dir=\"ltr\">Essas medidas seguem as exig\u00eancias da Lei Geral de Prote\u00e7\u00e3o de Dados Pessoais (LGPD). Para mais informa\u00e7\u00f5es, acesse:\u00a0\u00a0<a href=\"http:\/\/www.planalto.gov.br\/ccivil_03\/_ato2015-2018\/2018\/lei\/L13709.htm\">http:\/\/www.planalto.gov.br\/ccivil_03\/_ato2015-2018\/2018\/lei\/L13709.htm<\/a><\/p>\n<p>[\/et_pb_text][\/et_pb_column][\/et_pb_row][\/et_pb_section]<\/p>\n","protected":false},"excerpt":{"rendered":"<p>O Polo Educacional Sesc n\u00e3o realiza coleta e tratamento de dados pessoais de visitantes neste portal (www.poloeducacionalsesc.com.br). Dados de acesso, como origem, tempo de perman\u00eancia e conte\u00fado pesquisado tornam-se an\u00f4nimos na plataforma de monitoramento Google Analytics, e s\u00e3o utilizados somente para melhoria da experi\u00eancia dos usu\u00e1rios no portal. Durante a navega\u00e7\u00e3o n\u00e3o ser\u00e3o armazenados dados [&hellip;]<\/p>\n","protected":false},"author":1,"featured_media":0,"parent":0,"menu_order":0,"comment_status":"closed","ping_status":"closed","template":"","meta":{"_et_pb_use_builder":"on","_et_pb_old_content":"","_et_gb_content_width":"","footnotes":""},"class_list":["post-6309","page","type-page","status-publish","hentry"],"_links":{"self":[{"href":"https:\/\/www.sesc.com.br\/poloeducacional\/wp-json\/wp\/v2\/pages\/6309","targetHints":{"allow":["GET"]}}],"collection":[{"href":"https:\/\/www.sesc.com.br\/poloeducacional\/wp-json\/wp\/v2\/pages"}],"about":[{"href":"https:\/\/www.sesc.com.br\/poloeducacional\/wp-json\/wp\/v2\/types\/page"}],"author":[{"embeddable":true,"href":"https:\/\/www.sesc.com.br\/poloeducacional\/wp-json\/wp\/v2\/users\/1"}],"replies":[{"embeddable":true,"href":"https:\/\/www.sesc.com.br\/poloeducacional\/wp-json\/wp\/v2\/comments?post=6309"}],"version-history":[{"count":9,"href":"https:\/\/www.sesc.com.br\/poloeducacional\/wp-json\/wp\/v2\/pages\/6309\/revisions"}],"predecessor-version":[{"id":7171,"href":"https:\/\/www.sesc.com.br\/poloeducacional\/wp-json\/wp\/v2\/pages\/6309\/revisions\/7171"}],"wp:attachment":[{"href":"https:\/\/www.sesc.com.br\/poloeducacional\/wp-json\/wp\/v2\/media?parent=6309"}],"curies":[{"name":"wp","href":"https:\/\/api.w.org\/{rel}","templated":true}]}}