{"id":7099,"date":"2022-07-01T17:18:09","date_gmt":"2022-07-01T20:18:09","guid":{"rendered":"http:\/\/www.poloeducacionalsesc.com.br\/?page_id=7099"},"modified":"2026-05-11T10:25:34","modified_gmt":"2026-05-11T13:25:34","slug":"pagina-inicial","status":"publish","type":"page","link":"https:\/\/www.sesc.com.br\/poloeducacional\/","title":{"rendered":"P\u00e1gina Inicial"},"content":{"rendered":"<p>[et_pb_section fb_built=&#8221;1&#8243; fullwidth=&#8221;on&#8221; _builder_version=&#8221;4.27.6&#8243; min_height_last_edited=&#8221;off|phone&#8221; custom_margin=&#8221;||4px|||&#8221; border_width_top=&#8221;4px&#8221; border_color_top=&#8221;#f6ba18&#8243; border_width_bottom=&#8221;8px&#8221; border_color_bottom=&#8221;#f6ba18&#8243; global_colors_info=&#8221;{}&#8221; min_height__hover_enabled=&#8221;off|desktop&#8221;][et_pb_fullwidth_slider use_text_overlay=&#8221;off&#8221; _builder_version=&#8221;4.27.6&#8243; header_level=&#8221;h1&#8243; header_font=&#8221;|700|||||||&#8221; header_font_size=&#8221;46px&#8221; body_font_size=&#8221;19px&#8221; body_line_height=&#8221;1.8em&#8221; custom_button=&#8221;on&#8221; button_text_size=&#8221;16px&#8221; button_text_color=&#8221;#010101&#8243; button_bg_color=&#8221;#f6ba18&#8243; button_border_width=&#8221;0px&#8221; button_border_color=&#8221;RGBA(255,255,255,0)&#8221; button_border_radius=&#8221;50px&#8221; button_font=&#8221;|||on|||||&#8221; button_icon=&#8221;&#x45;||divi||400&#8243; button_alignment=&#8221;left&#8221; custom_padding=&#8221;204px||90px||false|false&#8221; auto=&#8221;on&#8221; auto_ignore_hover=&#8221;on&#8221; link_option_url_new_window=&#8221;on&#8221; text_shadow_style=&#8221;preset1&#8243; global_colors_info=&#8221;{}&#8221;][et_pb_slide heading=&#8221;Escola Sesc de Ensino M\u00e9dio&#8221; button_text=&#8221;Saiba mais&#8221; button_link=&#8221;@ET-DC@eyJkeW5hbWljIjp0cnVlLCJjb250ZW50IjoicG9zdF9saW5rX3VybF9wYWdlIiwic2V0dGluZ3MiOnsicG9zdF9pZCI6IjcwMjMifX0=@&#8221; use_bg_overlay=&#8221;on&#8221; bg_overlay_color=&#8221;rgba(0,0,0,0.35)&#8221; use_text_overlay=&#8221;off&#8221; _builder_version=&#8221;4.27.4&#8243; _dynamic_attributes=&#8221;button_link&#8221; header_font_size=&#8221;64px&#8221; body_font_size=&#8221;36px&#8221; background_image=&#8221;https:\/\/www.poloeducacionalsesc.com.br\/wp-content\/uploads\/2025\/06\/GRANDE-GRUPO-SENTADO-CONVERSAM-RIEM-BRINCAM-ENTRADA-DO-POLO-MONTANHAS-CHAFARIZ-8570.png&#8221; background_enable_image=&#8221;on&#8221; custom_button=&#8221;on&#8221; button_border_width=&#8221;3px&#8221; button_font=&#8221;|700|||||||&#8221; button_icon=&#8221;&#x4c;||divi||400&#8243; text_orientation=&#8221;left&#8221; global_colors_info=&#8221;{}&#8221; sticky_transition=&#8221;on&#8221;]<\/p>\n<p>Educa\u00e7\u00e3o integral e de excel\u00eancia.<\/p>\n<p>[\/et_pb_slide][et_pb_slide heading=&#8221;Curso T\u00e9cnico em Produ\u00e7\u00e3o de \u00c1udio e V\u00eddeo&#8221; button_text=&#8221;Inscri\u00e7\u00f5es abertas&#8221; button_link=&#8221;http:\/\/poloeducacionalsesc.com.br\/artesdramaticas&#8221; use_bg_overlay=&#8221;on&#8221; bg_overlay_color=&#8221;rgba(0,0,0,0.35)&#8221; use_text_overlay=&#8221;off&#8221; _builder_version=&#8221;4.27.6&#8243; header_font_size=&#8221;64px&#8221; body_font_size=&#8221;36px&#8221; background_image=&#8221;https:\/\/www.poloeducacionalsesc.com.br\/wp-content\/uploads\/2026\/03\/close-up-shot-of-digital-video-editor-sitting-at-m-2026-01-08-02-12-58-utc-scaled.jpg&#8221; background_enable_image=&#8221;on&#8221; background_position=&#8221;top_center&#8221; custom_button=&#8221;on&#8221; button_border_width=&#8221;3px&#8221; button_font=&#8221;|700|||||||&#8221; button_icon=&#8221;&#x4c;||divi||400&#8243; text_orientation=&#8221;left&#8221; global_colors_info=&#8221;{}&#8221; sticky_transition=&#8221;on&#8221;]<\/p>\n<h2 data-start=\"160\" data-end=\"441\"><strong><span>Protagonismo por tr\u00e1s da cena<\/span><\/strong><\/h2>\n<p>[\/et_pb_slide][et_pb_slide heading=&#8221;Escola Sesc de Artes Dram\u00e1ticas&#8221; button_text=&#8221;Conhe\u00e7a&#8221; button_link=&#8221;http:\/\/poloeducacionalsesc.com.br\/artesdramaticas&#8221; use_bg_overlay=&#8221;on&#8221; bg_overlay_color=&#8221;rgba(0,0,0,0.35)&#8221; use_text_overlay=&#8221;off&#8221; _builder_version=&#8221;4.27.4&#8243; header_font_size=&#8221;64px&#8221; body_font_size=&#8221;36px&#8221; background_image=&#8221;https:\/\/www.poloeducacionalsesc.com.br\/wp-content\/uploads\/2025\/03\/RJA4352-1-scaled-e1742212520826.jpg&#8221; background_enable_image=&#8221;on&#8221; background_position=&#8221;top_center&#8221; custom_button=&#8221;on&#8221; button_border_width=&#8221;3px&#8221; button_font=&#8221;|700|||||||&#8221; button_icon=&#8221;&#x4c;||divi||400&#8243; text_orientation=&#8221;left&#8221; global_colors_info=&#8221;{}&#8221; sticky_transition=&#8221;on&#8221;]<\/p>\n<p>Forma\u00e7\u00e3o gratuita para atores e atrizes.<\/p>\n<p>[\/et_pb_slide][et_pb_slide heading=&#8221;Sesc EAD EJA&#8221; button_text=&#8221;Conhe\u00e7a&#8221; button_link=&#8221;https:\/\/www.poloeducacionalsesc.com.br\/ead-eja\/&#8221; use_bg_overlay=&#8221;on&#8221; bg_overlay_color=&#8221;rgba(0,0,0,0.35)&#8221; use_text_overlay=&#8221;off&#8221; _builder_version=&#8221;4.27.4&#8243; header_font_size=&#8221;64px&#8221; body_font_size=&#8221;36px&#8221; background_image=&#8221;https:\/\/www.poloeducacionalsesc.com.br\/wp-content\/uploads\/2024\/12\/RJA0773-scaled-e1733862925624.jpg&#8221; background_enable_image=&#8221;on&#8221; background_position=&#8221;top_center&#8221; custom_button=&#8221;on&#8221; button_border_width=&#8221;3px&#8221; button_font=&#8221;|700|||||||&#8221; button_icon=&#8221;&#x4c;||divi||400&#8243; text_orientation=&#8221;left&#8221; global_colors_info=&#8221;{}&#8221; sticky_transition=&#8221;on&#8221;]<\/p>\n<p>Educa\u00e7\u00e3o a dist\u00e2ncia para jovens e adultos.<\/p>\n<p>[\/et_pb_slide][et_pb_slide heading=&#8221;Qualifica\u00e7\u00e3o Profissional em Produ\u00e7\u00e3o Cultural&#8221; button_text=&#8221;Saiba mais&#8221; button_link=&#8221;https:\/\/www.poloeducacionalsesc.com.br\/producaocultural\/&#8221; use_bg_overlay=&#8221;on&#8221; bg_overlay_color=&#8221;rgba(0,0,0,0.35)&#8221; use_text_overlay=&#8221;off&#8221; heading_tablet=&#8221;Qualifica\u00e7\u00e3o Profissional em Produ\u00e7\u00e3o Cultural&#8221; heading_phone=&#8221;Qualifica\u00e7\u00e3o Profissional em Produ\u00e7\u00e3o Cultural&#8221; heading_last_edited=&#8221;on|phone&#8221; _builder_version=&#8221;4.27.0&#8243; header_font_size=&#8221;64px&#8221; body_font_size=&#8221;36px&#8221; background_image=&#8221;https:\/\/www.poloeducacionalsesc.com.br\/wp-content\/uploads\/2024\/01\/Captura-de-tela-2024-01-15-083351.png&#8221; background_enable_image=&#8221;on&#8221; background_position=&#8221;top_center&#8221; custom_button=&#8221;on&#8221; button_border_width=&#8221;3px&#8221; button_font=&#8221;|700|||||||&#8221; button_icon=&#8221;&#x4c;||divi||400&#8243; text_orientation=&#8221;left&#8221; global_colors_info=&#8221;{}&#8221; sticky_transition=&#8221;on&#8221;]<\/p>\n<div class=\"et_pb_module et_pb_text et_pb_text_0  et_pb_text_align_left et_pb_bg_layout_light\">\n<div class=\"et_pb_text_inner\">\n<p><span>Forma\u00e7\u00e3o de agentes culturais.<\/span><\/p>\n<\/div>\n<\/div>\n<p>[\/et_pb_slide][et_pb_slide heading=&#8221;Usina &#8211; Cursos Livres&#8221; button_text=&#8221;Saiba mais&#8221; button_link=&#8221;https:\/\/www.poloeducacionalsesc.com.br\/usina\/&#8221; use_bg_overlay=&#8221;on&#8221; bg_overlay_color=&#8221;rgba(0,0,0,0.35)&#8221; use_text_overlay=&#8221;off&#8221; _builder_version=&#8221;4.25.1&#8243; header_font_size=&#8221;64px&#8221; body_font_size=&#8221;36px&#8221; background_image=&#8221;https:\/\/www.poloeducacionalsesc.com.br\/wp-content\/uploads\/2024\/02\/Captura-de-tela-2024-02-05-091801.png&#8221; background_enable_image=&#8221;on&#8221; background_position=&#8221;top_center&#8221; custom_button=&#8221;on&#8221; button_border_width=&#8221;3px&#8221; button_font=&#8221;|700|||||||&#8221; button_icon=&#8221;&#x4c;||divi||400&#8243; text_orientation=&#8221;left&#8221; global_colors_info=&#8221;{}&#8221; sticky_transition=&#8221;on&#8221;]<\/p>\n<p><span>Incentivando a forma\u00e7\u00e3o profissional no campo cultural.<\/span><\/p>\n<p>[\/et_pb_slide][\/et_pb_fullwidth_slider][\/et_pb_section][et_pb_section fb_built=&#8221;1&#8243; _builder_version=&#8221;4.16&#8243; custom_padding=&#8221;||||false|false&#8221; top_divider_color=&#8221;rgba(0,0,0,0.05)&#8221; top_divider_flip=&#8221;vertical|horizontal&#8221; bottom_divider_color=&#8221;rgba(0,0,0,0.05)&#8221; bottom_divider_height=&#8221;78px&#8221; bottom_divider_flip=&#8221;vertical|horizontal&#8221; border_style_all=&#8221;none&#8221; global_colors_info=&#8221;{}&#8221;][et_pb_row column_structure=&#8221;1_4,1_4,1_4,1_4&#8243; _builder_version=&#8221;4.17.4&#8243; _module_preset=&#8221;default&#8221; global_colors_info=&#8221;{}&#8221;][et_pb_column type=&#8221;1_4&#8243; _builder_version=&#8221;4.27.6&#8243; _module_preset=&#8221;default&#8221; global_colors_info=&#8221;{}&#8221;][et_pb_blurb title=&#8221;Curso T\u00e9cnico em Produ\u00e7\u00e3o de \u00c1udio e V\u00eddeo&#8221; use_icon=&#8221;on&#8221; image_icon_background_color=&#8221;RGBA(255,255,255,0)&#8221; icon_placement=&#8221;left&#8221; _builder_version=&#8221;4.27.6&#8243; _module_preset=&#8221;default&#8221; header_level=&#8221;h2&#8243; header_font=&#8221;|700|||||||&#8221; header_text_align=&#8221;left&#8221; header_text_color=&#8221;#FFFFFF&#8221; header_font_size=&#8221;24px&#8221; background_color=&#8221;rgba(0,0,0,0.39)&#8221; background_image=&#8221;https:\/\/www.poloeducacionalsesc.com.br\/wp-content\/uploads\/2026\/03\/close-up-shot-of-digital-video-editor-sitting-at-m-2026-01-08-02-12-58-utc-scaled.jpg&#8221; background_blend=&#8221;darken&#8221; background_layout=&#8221;dark&#8221; min_height=&#8221;46px&#8221; custom_margin=&#8221;||-57px|||&#8221; custom_padding=&#8221;40px|10px|14px|10px|false|false&#8221; link_option_url=&#8221;https:\/\/www.poloeducacionalsesc.com.br\/audioevideo&#8221; border_radii=&#8221;on|10px|10px|10px|10px&#8221; border_color_all=&#8221;#004c99&#8243; box_shadow_style=&#8221;preset3&#8243; box_shadow_blur=&#8221;8px&#8221; box_shadow_spread=&#8221;-12px&#8221; global_colors_info=&#8221;{}&#8221;][\/et_pb_blurb][\/et_pb_column][et_pb_column type=&#8221;1_4&#8243; _builder_version=&#8221;4.17.4&#8243; _module_preset=&#8221;default&#8221; global_colors_info=&#8221;{}&#8221;][et_pb_blurb title=&#8221;Escola Sesc de Ensino M\u00e9dio&#8221; use_icon=&#8221;on&#8221; image_icon_background_color=&#8221;RGBA(255,255,255,0)&#8221; icon_placement=&#8221;left&#8221; _builder_version=&#8221;4.27.0&#8243; _module_preset=&#8221;default&#8221; header_level=&#8221;h2&#8243; header_font=&#8221;|700|||||||&#8221; header_text_align=&#8221;left&#8221; header_text_color=&#8221;#FFFFFF&#8221; header_font_size=&#8221;24px&#8221; background_color=&#8221;rgba(0,0,0,0.39)&#8221; background_image=&#8221;https:\/\/www.poloeducacionalsesc.com.br\/wp-content\/uploads\/2024\/09\/Sesc_Escola-510.jpg&#8221; background_blend=&#8221;darken&#8221; background_layout=&#8221;dark&#8221; custom_padding=&#8221;40px|10px|40px|10px|false|false&#8221; link_option_url=&#8221;https:\/\/www.poloeducacionalsesc.com.br\/ensino-medio&#8221; border_radii=&#8221;on|10px|10px|10px|10px&#8221; border_color_all=&#8221;#004c99&#8243; box_shadow_style=&#8221;preset3&#8243; box_shadow_blur=&#8221;8px&#8221; box_shadow_spread=&#8221;-12px&#8221; global_colors_info=&#8221;{}&#8221;][\/et_pb_blurb][\/et_pb_column][et_pb_column type=&#8221;1_4&#8243; _builder_version=&#8221;4.17.4&#8243; _module_preset=&#8221;default&#8221; global_colors_info=&#8221;{}&#8221;][et_pb_blurb title=&#8221;Escola Sesc de Artes Dram\u00e1ticas&#8221; url=&#8221;https:\/\/www.poloeducacionalsesc.com.br\/artesdramaticas&#8221; image_icon_background_color=&#8221;RGBA(255,255,255,0)&#8221; icon_placement=&#8221;left&#8221; _builder_version=&#8221;4.27.0&#8243; _module_preset=&#8221;default&#8221; header_level=&#8221;h2&#8243; header_font=&#8221;|700|||||||&#8221; header_text_align=&#8221;left&#8221; header_text_color=&#8221;#FFFFFF&#8221; header_font_size=&#8221;24px&#8221; background_color=&#8221;rgba(0,0,0,0.39)&#8221; background_image=&#8221;https:\/\/www.poloeducacionalsesc.com.br\/wp-content\/uploads\/2024\/09\/IMG_9452-scaled.jpg&#8221; background_blend=&#8221;darken&#8221; background_layout=&#8221;dark&#8221; custom_padding=&#8221;40px|10px|40px|10px|false|false&#8221; link_option_url=&#8221;https:\/\/www.poloeducacionalsesc.com.br\/artesdramaticas&#8221; border_radii=&#8221;on|10px|10px|10px|10px&#8221; border_color_all=&#8221;#004c99&#8243; box_shadow_style=&#8221;preset3&#8243; box_shadow_blur=&#8221;8px&#8221; box_shadow_spread=&#8221;-12px&#8221; global_colors_info=&#8221;{}&#8221;][\/et_pb_blurb][\/et_pb_column][et_pb_column type=&#8221;1_4&#8243; _builder_version=&#8221;4.17.4&#8243; _module_preset=&#8221;default&#8221; global_colors_info=&#8221;{}&#8221;][et_pb_blurb title=&#8221;Sesc EAD EJA&#8221; url=&#8221;@ET-DC@eyJkeW5hbWljIjp0cnVlLCJjb250ZW50IjoicG9zdF9saW5rX3VybF9wYWdlIiwic2V0dGluZ3MiOnsicG9zdF9pZCI6Ijc1MzUifX0=@&#8221; image_icon_background_color=&#8221;RGBA(255,255,255,0)&#8221; icon_placement=&#8221;left&#8221; _builder_version=&#8221;4.27.4&#8243; _dynamic_attributes=&#8221;url&#8221; _module_preset=&#8221;default&#8221; header_level=&#8221;h2&#8243; header_font=&#8221;|700|||||||&#8221; header_text_align=&#8221;left&#8221; header_text_color=&#8221;#FFFFFF&#8221; header_font_size=&#8221;24px&#8221; background_color=&#8221;rgba(0,0,0,0.39)&#8221; background_image=&#8221;https:\/\/www.poloeducacionalsesc.com.br\/wp-content\/uploads\/2024\/12\/RJA0203-scaled.jpg&#8221; background_blend=&#8221;darken&#8221; background_layout=&#8221;dark&#8221; min_height=&#8221;139px&#8221; custom_margin=&#8221;||28px|||&#8221; custom_padding=&#8221;40px|10px|40px|10px|false|false&#8221; link_option_url=&#8221;https:\/\/www.poloeducacionalsesc.com.br\/ead-eja\/&#8221; border_radii=&#8221;on|10px|10px|10px|10px&#8221; border_color_all=&#8221;#004c99&#8243; box_shadow_style=&#8221;preset3&#8243; box_shadow_blur=&#8221;8px&#8221; box_shadow_spread=&#8221;-12px&#8221; global_colors_info=&#8221;{}&#8221;][\/et_pb_blurb][\/et_pb_column][\/et_pb_row][\/et_pb_section][et_pb_section fb_built=&#8221;1&#8243; _builder_version=&#8221;4.17.4&#8243; _module_preset=&#8221;default&#8221; background_color=&#8221;#f9f9f9&#8243; custom_padding=&#8221;0px||2px|||&#8221; global_colors_info=&#8221;{}&#8221;][et_pb_row column_structure=&#8221;1_2,1_2&#8243; _builder_version=&#8221;4.17.4&#8243; _module_preset=&#8221;default&#8221; min_height=&#8221;372.2px&#8221; custom_padding=&#8221;40px||40px|||&#8221; custom_css_main_element=&#8221;display:flex;||align-items: center;&#8221; global_colors_info=&#8221;{}&#8221; custom_css_main_element_last_edited=&#8221;on|phone&#8221; custom_css_main_element_phone=&#8221;display:block;&#8221; custom_css_main_element_tablet=&#8221;display:flex;||align-items: center;&#8221;][et_pb_column type=&#8221;1_2&#8243; _builder_version=&#8221;4.17.4&#8243; _module_preset=&#8221;default&#8221; global_colors_info=&#8221;{}&#8221;][et_pb_text _builder_version=&#8221;4.17.4&#8243; _module_preset=&#8221;default&#8221; text_font=&#8221;|300|||||||&#8221; header_font=&#8221;|800|||||||&#8221; header_text_color=&#8221;#004c99&#8243; header_font_size=&#8221;36px&#8221; custom_margin=&#8221;||9px|||&#8221; custom_css_main_element=&#8221;vertical-align: middle;&#8221; global_colors_info=&#8221;{}&#8221;]<\/p>\n<h1>Polo Educacional Sesc<\/h1>\n<p><span>Com sede no Rio de Janeiro, o Polo promove educa\u00e7\u00e3o de qualidade, e atua em segmentos como Ensino M\u00e9dio, EJA e artes dram\u00e1ticas. Tem entre suas unidades a Escola Sesc de Ensino M\u00e9dio, refer\u00eancia em ensino gratuito e de excel\u00eancia.<\/span><\/p>\n<p>[\/et_pb_text][et_pb_button button_url=&#8221;https:\/\/www.poloeducacionalsesc.com.br\/quem-somos\/&#8221; button_text=&#8221;Saiba mais&#8221; button_alignment=&#8221;right&#8221; _builder_version=&#8221;4.17.4&#8243; _module_preset=&#8221;default&#8221; custom_button=&#8221;on&#8221; button_text_size=&#8221;16px&#8221; button_text_color=&#8221;#004c99&#8243; button_border_width=&#8221;2px&#8221; button_border_color=&#8221;#004c99&#8243; button_border_radius=&#8221;19px&#8221; button_icon=&#8221;&#x35;||divi||400&#8243; button_on_hover=&#8221;off&#8221; custom_css_main_element=&#8221;width:auto;&#8221; global_colors_info=&#8221;{}&#8221; button_text_color__hover_enabled=&#8221;on|desktop&#8221; button_text_color__hover=&#8221;#004c99&#8243;][\/et_pb_button][\/et_pb_column][et_pb_column type=&#8221;1_2&#8243; _builder_version=&#8221;4.17.4&#8243; _module_preset=&#8221;default&#8221; global_colors_info=&#8221;{}&#8221;][et_pb_image src=&#8221;https:\/\/www.poloeducacionalsesc.com.br\/wp-content\/uploads\/2022\/06\/20210525_161415.jpg&#8221; title_text=&#8221;20210525_161415&#8243; _builder_version=&#8221;4.17.4&#8243; _module_preset=&#8221;default&#8221; width=&#8221;80%&#8221; global_colors_info=&#8221;{}&#8221;][\/et_pb_image][\/et_pb_column][\/et_pb_row][\/et_pb_section][et_pb_section fb_built=&#8221;1&#8243; _builder_version=&#8221;4.17.4&#8243; _module_preset=&#8221;default&#8221; custom_margin=&#8221;-24px|||||&#8221; global_colors_info=&#8221;{}&#8221;][et_pb_row _builder_version=&#8221;4.17.4&#8243; _module_preset=&#8221;default&#8221; min_height=&#8221;306.8px&#8221; global_colors_info=&#8221;{}&#8221;][et_pb_column type=&#8221;4_4&#8243; _builder_version=&#8221;4.17.4&#8243; _module_preset=&#8221;default&#8221; global_colors_info=&#8221;{}&#8221;][et_pb_text _builder_version=&#8221;4.17.4&#8243; _module_preset=&#8221;default&#8221; text_font=&#8221;|300|||||||&#8221; header_font=&#8221;|800|||||||&#8221; header_text_color=&#8221;#004c99&#8243; header_font_size=&#8221;36px&#8221; custom_margin=&#8221;||-25px|||&#8221; custom_css_main_element=&#8221;vertical-align: middle;&#8221; global_colors_info=&#8221;{}&#8221;]<\/p>\n<h1>Not\u00edcias<\/h1>\n<p>[\/et_pb_text][et_pb_button button_url=&#8221;https:\/\/www.poloeducacionalsesc.com.br\/noticias&#8221; button_text=&#8221;Veja mais&#8221; button_alignment=&#8221;right&#8221; _builder_version=&#8221;4.17.6&#8243; _module_preset=&#8221;default&#8221; custom_button=&#8221;on&#8221; button_text_size=&#8221;16px&#8221; button_text_color=&#8221;#026fc2&#8243; button_border_width=&#8221;0px&#8221; button_border_color=&#8221;#004c99&#8243; button_border_radius=&#8221;19px&#8221; button_font=&#8221;|600|||||||&#8221; button_icon=&#8221;&#x35;||divi||400&#8243; button_on_hover=&#8221;off&#8221; custom_margin=&#8221;20px||14px||false|false&#8221; custom_css_main_element=&#8221;width:auto;&#8221; global_colors_info=&#8221;{}&#8221; button_text_color__hover_enabled=&#8221;on|desktop&#8221; button_text_color__hover=&#8221;#004c99&#8243;][\/et_pb_button][et_pb_blog fullwidth=&#8221;off&#8221; posts_number=&#8221;3&#8243; include_categories=&#8221;3&#8243; meta_date=&#8221;j M, Y&#8221; show_author=&#8221;off&#8221; show_categories=&#8221;off&#8221; show_excerpt=&#8221;off&#8221; show_pagination=&#8221;off&#8221; _builder_version=&#8221;4.17.4&#8243; _module_preset=&#8221;default&#8221; header_level=&#8221;h4&#8243; header_text_color=&#8221;#004d99&#8243; border_radii=&#8221;on|20px|20px|20px|20px&#8221; global_colors_info=&#8221;{}&#8221;][\/et_pb_blog][\/et_pb_column][\/et_pb_row][\/et_pb_section][et_pb_section fb_built=&#8221;1&#8243; _builder_version=&#8221;4.27.6&#8243; _module_preset=&#8221;default&#8221; background_color=&#8221;#f9f9f9&#8243; min_height=&#8221;148.1px&#8221; custom_margin=&#8221;-87px|||||&#8221; custom_padding=&#8221;0px||124px|||&#8221; hover_enabled=&#8221;0&#8243; global_colors_info=&#8221;{}&#8221; disabled_on=&#8221;on|on|on&#8221; disabled=&#8221;on&#8221; sticky_enabled=&#8221;0&#8243;][et_pb_row column_structure=&#8221;3_5,2_5&#8243; _builder_version=&#8221;4.17.4&#8243; _module_preset=&#8221;default&#8221; custom_margin=&#8221;|412px|-113px|auto||&#8221; custom_padding=&#8221;40px|0px|40px|0px||&#8221; custom_css_main_element=&#8221;display:flex;||align-items: center;&#8221; global_colors_info=&#8221;{}&#8221; custom_css_main_element_last_edited=&#8221;on|phone&#8221; custom_css_main_element_phone=&#8221;display:block;&#8221; custom_css_main_element_tablet=&#8221;display:flex;||align-items: center;&#8221;][et_pb_column type=&#8221;3_5&#8243; _builder_version=&#8221;4.17.4&#8243; _module_preset=&#8221;default&#8221; global_colors_info=&#8221;{}&#8221;][et_pb_image src=&#8221;https:\/\/www.poloeducacionalsesc.com.br\/wp-content\/uploads\/2025\/06\/WhatsApp-Image-2025-06-06-at-10.28.08-1.jpeg&#8221; title_text=&#8221;WhatsApp Image 2025-06-06 at 10.28.08 (1)&#8221; _builder_version=&#8221;4.27.4&#8243; _module_preset=&#8221;default&#8221; width=&#8221;64.4%&#8221; custom_padding=&#8221;|14px||17px||&#8221; global_colors_info=&#8221;{}&#8221;][\/et_pb_image][\/et_pb_column][et_pb_column type=&#8221;2_5&#8243; _builder_version=&#8221;4.17.4&#8243; _module_preset=&#8221;default&#8221; global_colors_info=&#8221;{}&#8221;][et_pb_text _builder_version=&#8221;4.27.4&#8243; _module_preset=&#8221;default&#8221; text_font=&#8221;|300|||||||&#8221; text_font_size=&#8221;20px&#8221; header_font=&#8221;|800|||||||&#8221; header_text_color=&#8221;#004c99&#8243; header_font_size=&#8221;36px&#8221; custom_margin=&#8221;|-245px|9px|||&#8221; custom_padding=&#8221;|230px||49px||&#8221; custom_css_main_element=&#8221;vertical-align: middle;&#8221; global_colors_info=&#8221;{}&#8221;]<\/p>\n<h1>Visita ao Polo Educacional Sesc<\/h1>\n<p><span>Projeto de visita\u00e7\u00e3o guiada ao <\/span><em>campus <\/em>e visita de egressos<\/p>\n<p>[\/et_pb_text][et_pb_button button_url=&#8221;https:\/\/www.poloeducacionalsesc.com.br\/visita-guiada\/&#8221; url_new_window=&#8221;on&#8221; button_text=&#8221;Saiba mais&#8221; button_alignment=&#8221;right&#8221; _builder_version=&#8221;4.27.4&#8243; _module_preset=&#8221;default&#8221; custom_button=&#8221;on&#8221; button_text_size=&#8221;16px&#8221; button_text_color=&#8221;#004c99&#8243; button_border_width=&#8221;2px&#8221; button_border_color=&#8221;#004c99&#8243; button_border_radius=&#8221;19px&#8221; button_icon=&#8221;&#x35;||divi||400&#8243; button_on_hover=&#8221;off&#8221; custom_margin=&#8221;20px|-36px|||false|false&#8221; custom_padding=&#8221;|17px|0px|14px||&#8221; custom_css_main_element=&#8221;width:auto;&#8221; global_colors_info=&#8221;{}&#8221; button_text_color__hover_enabled=&#8221;on|desktop&#8221; button_text_color__hover=&#8221;#004c99&#8243;][\/et_pb_button][\/et_pb_column][\/et_pb_row][\/et_pb_section]<\/p>\n","protected":false},"excerpt":{"rendered":"<p>Educa\u00e7\u00e3o integral e de excel\u00eancia.Protagonismo por tr\u00e1s da cenaForma\u00e7\u00e3o gratuita para atores e atrizes.Educa\u00e7\u00e3o a dist\u00e2ncia para jovens e adultos. Forma\u00e7\u00e3o de agentes culturais. Incentivando a forma\u00e7\u00e3o profissional no campo cultural.Polo Educacional Sesc Com sede no Rio de Janeiro, o Polo promove educa\u00e7\u00e3o de qualidade, e atua em segmentos como Ensino M\u00e9dio, EJA e artes [&hellip;]<\/p>\n","protected":false},"author":1,"featured_media":0,"parent":0,"menu_order":0,"comment_status":"closed","ping_status":"closed","template":"","meta":{"_et_pb_use_builder":"on","_et_pb_old_content":"","_et_gb_content_width":"","footnotes":""},"class_list":["post-7099","page","type-page","status-publish","hentry"],"_links":{"self":[{"href":"https:\/\/www.sesc.com.br\/poloeducacional\/wp-json\/wp\/v2\/pages\/7099","targetHints":{"allow":["GET"]}}],"collection":[{"href":"https:\/\/www.sesc.com.br\/poloeducacional\/wp-json\/wp\/v2\/pages"}],"about":[{"href":"https:\/\/www.sesc.com.br\/poloeducacional\/wp-json\/wp\/v2\/types\/page"}],"author":[{"embeddable":true,"href":"https:\/\/www.sesc.com.br\/poloeducacional\/wp-json\/wp\/v2\/users\/1"}],"replies":[{"embeddable":true,"href":"https:\/\/www.sesc.com.br\/poloeducacional\/wp-json\/wp\/v2\/comments?post=7099"}],"version-history":[{"count":83,"href":"https:\/\/www.sesc.com.br\/poloeducacional\/wp-json\/wp\/v2\/pages\/7099\/revisions"}],"predecessor-version":[{"id":9761,"href":"https:\/\/www.sesc.com.br\/poloeducacional\/wp-json\/wp\/v2\/pages\/7099\/revisions\/9761"}],"wp:attachment":[{"href":"https:\/\/www.sesc.com.br\/poloeducacional\/wp-json\/wp\/v2\/media?parent=7099"}],"curies":[{"name":"wp","href":"https:\/\/api.w.org\/{rel}","templated":true}]}}