{"id":7220,"date":"2022-08-18T10:48:29","date_gmt":"2022-08-18T13:48:29","guid":{"rendered":"https:\/\/www.poloeducacionalsesc.com.br\/?page_id=7220"},"modified":"2026-03-30T09:14:26","modified_gmt":"2026-03-30T12:14:26","slug":"usina","status":"publish","type":"page","link":"https:\/\/www.sesc.com.br\/poloeducacional\/usina\/","title":{"rendered":"Usina &#8211; Cursos Livres"},"content":{"rendered":"<p>[et_pb_section fb_built=&#8221;1&#8243; fullwidth=&#8221;on&#8221; _builder_version=&#8221;4.20.2&#8243; _module_preset=&#8221;default&#8221; background_image=&#8221;https:\/\/www.poloeducacionalsesc.com.br\/wp-content\/uploads\/2022\/06\/20210525_161137.png&#8221; width=&#8221;100%&#8221; locked=&#8221;off&#8221; global_colors_info=&#8221;{}&#8221;][et_pb_fullwidth_header title=&#8221;Usina &#8211; Cursos Livres&#8221; text_orientation=&#8221;right&#8221; button_one_url=&#8221;https:\/\/www.poloeducacionalsesc.com.br\/ensino-medio\/admissao&#8221; background_overlay_color=&#8221;rgba(0,0,0,0.4)&#8221; _builder_version=&#8221;4.24.0&#8243; _module_preset=&#8221;default&#8221; title_font=&#8221;|700|||||||&#8221; title_font_size=&#8221;50px&#8221; subhead_font=&#8221;|300|||||||&#8221; subhead_font_size=&#8221;24px&#8221; background_enable_color=&#8221;off&#8221; background_image=&#8221;https:\/\/www.poloeducacionalsesc.com.br\/wp-content\/uploads\/2024\/01\/Testeira-Usina-01.png&#8221; background_position=&#8221;bottom_center&#8221; custom_button_one=&#8221;on&#8221; button_one_text_size=&#8221;16px&#8221; button_one_text_color=&#8221;#000000&#8243; button_one_bg_color=&#8221;#f6ba18&#8243; button_one_border_width=&#8221;0px&#8221; button_one_border_radius=&#8221;20px&#8221; width=&#8221;100%&#8221; module_alignment=&#8221;left&#8221; min_height=&#8221;300px&#8221; custom_margin=&#8221;2px||280px|||&#8221; custom_padding=&#8221;0px|||||&#8221; custom_css_main_element=&#8221;display: flex;&#8221; custom_css_header_container=&#8221;vertical-align: middle&#8221; border_width_top=&#8221;4px&#8221; border_color_top=&#8221;#f6ba18&#8243; border_width_bottom=&#8221;4px&#8221; border_color_bottom=&#8221;#f6ba18&#8243; global_colors_info=&#8221;{}&#8221;][\/et_pb_fullwidth_header][\/et_pb_section][et_pb_section fb_built=&#8221;1&#8243; _builder_version=&#8221;4.24.0&#8243; _module_preset=&#8221;default&#8221; min_height=&#8221;259.9px&#8221; custom_margin=&#8221;-238px|||||&#8221; custom_padding=&#8221;0px||53px|||&#8221; global_colors_info=&#8221;{}&#8221;][et_pb_row column_structure=&#8221;1_2,1_2&#8243; _builder_version=&#8221;4.27.6&#8243; _module_preset=&#8221;default&#8221; min_height=&#8221;436.9px&#8221; custom_margin=&#8221;16px|auto|-169px|auto||&#8221; custom_padding=&#8221;0px||161px|||&#8221; global_colors_info=&#8221;{}&#8221;][et_pb_column type=&#8221;1_2&#8243; _builder_version=&#8221;4.24.0&#8243; _module_preset=&#8221;default&#8221; global_colors_info=&#8221;{}&#8221;][et_pb_text _builder_version=&#8221;4.24.0&#8243; _module_preset=&#8221;default&#8221; text_font=&#8221;|300|||||||&#8221; header_font=&#8221;|800|||||||&#8221; header_text_color=&#8221;#004c99&#8243; header_font_size=&#8221;36px&#8221; min_height=&#8221;10.2px&#8221; custom_margin=&#8221;||16px|||&#8221; custom_padding=&#8221;0px|||||&#8221; custom_css_main_element=&#8221;vertical-align: middle;&#8221; locked=&#8221;off&#8221; global_colors_info=&#8221;{}&#8221;]<\/p>\n<p>&nbsp;<\/p>\n<p>Para incentivar a forma\u00e7\u00e3o profissional no campo cultural, o Polo Educacional Sesc promove o Usina. S\u00e3o cursos livres gratuitos nas \u00e1reas de m\u00fasica, audiovisual, artes c\u00eanicas e artes visuais proporcionando oportunidades de amplia\u00e7\u00e3o de repert\u00f3rios e conhecimentos t\u00e9cnicos para quem participa. <span>As aulas s\u00e3o presenciais e ministradas por profissionais qualificados e experientes em suas \u00e1reas de atua\u00e7\u00e3o, que buscam contribuir e direcionar a forma\u00e7\u00e3o dos estudantes.\u00a0<\/span><\/p>\n<p><span><\/span><\/p>\n<p><span><\/span><\/p>\n<p>[\/et_pb_text][et_pb_text _builder_version=&#8221;4.27.6&#8243; _module_preset=&#8221;default&#8221; text_font=&#8221;|300|||||||&#8221; header_font=&#8221;|800|||||||&#8221; header_text_color=&#8221;#004c99&#8243; header_font_size=&#8221;36px&#8221; min_height=&#8221;196.6px&#8221; custom_margin=&#8221;-18px||-66px|||&#8221; custom_padding=&#8221;0px||0px|||&#8221; custom_css_main_element=&#8221;vertical-align: middle;&#8221; locked=&#8221;off&#8221; global_colors_info=&#8221;{}&#8221;]<\/p>\n<h1>Inscri\u00e7\u00e3o 2026.1<\/h1>\n<p>O Polo Educacional Sesc abre inscri\u00e7\u00e3o, de 5 a 11 de mar\u00e7o, para Usina &#8211; cursos livres.\u00a0<\/p>\n<p>&nbsp;<\/p>\n<p>[\/et_pb_text][et_pb_button button_url=&#8221;https:\/\/servicosocial188807.rm.cloudtotvs.com.br\/FrameHTML\/web\/app\/Edu\/PortalProcessoSeletivo\/?c=1&#038;f=3&#038;ct=4&#038;ps=11#\/es\/informacoes&#8221; url_new_window=&#8221;on&#8221; button_text=&#8221;Inscri\u00e7\u00e3o&#8221; button_alignment=&#8221;left&#8221; _builder_version=&#8221;4.27.6&#8243; _module_preset=&#8221;default&#8221; custom_button=&#8221;on&#8221; button_text_size=&#8221;16px&#8221; button_text_color=&#8221;#0339a5&#8243; button_bg_color=&#8221;#FFFFFF&#8221; button_border_width=&#8221;2px&#8221; button_border_color=&#8221;#0C71C3&#8243; button_border_radius=&#8221;19px&#8221; button_icon=&#8221;&#x35;||divi||400&#8243; button_on_hover=&#8221;off&#8221; custom_margin=&#8221;||6px||false|false&#8221; custom_css_main_element=&#8221;width:auto;&#8221; locked=&#8221;off&#8221; global_colors_info=&#8221;{}&#8221; button_text_color__hover_enabled=&#8221;on|desktop&#8221; button_text_color__hover=&#8221;#005291&#8243;][\/et_pb_button][et_pb_button button_url=&#8221;https:\/\/www.poloeducacionalsesc.com.br\/wp-content\/uploads\/2026\/03\/Convocatoria-Projeto-Usina-de-Cursos-Livres-26.1.pdf&#8221; url_new_window=&#8221;on&#8221; button_text=&#8221;Convocat\u00f3ria&#8221; button_alignment=&#8221;left&#8221; _builder_version=&#8221;4.27.6&#8243; _module_preset=&#8221;default&#8221; custom_button=&#8221;on&#8221; button_text_size=&#8221;16px&#8221; button_text_color=&#8221;#004c99&#8243; button_border_width=&#8221;2px&#8221; button_border_color=&#8221;#004c99&#8243; button_border_radius=&#8221;19px&#8221; button_icon=&#8221;&#x35;||divi||400&#8243; button_on_hover=&#8221;off&#8221; custom_margin=&#8221;||6px||false|false&#8221; custom_css_main_element=&#8221;width:auto;&#8221; locked=&#8221;off&#8221; global_colors_info=&#8221;{}&#8221; button_text_color__hover_enabled=&#8221;on|desktop&#8221; button_text_color__hover=&#8221;#004c99&#8243;][\/et_pb_button][et_pb_button button_url=&#8221;https:\/\/www.poloeducacionalsesc.com.br\/resultado-usina\/&#8221; url_new_window=&#8221;on&#8221; button_text=&#8221;Resultado&#8221; button_alignment=&#8221;left&#8221; _builder_version=&#8221;4.27.6&#8243; _module_preset=&#8221;default&#8221; custom_button=&#8221;on&#8221; button_text_size=&#8221;16px&#8221; button_text_color=&#8221;#004c99&#8243; button_border_width=&#8221;2px&#8221; button_border_color=&#8221;#004c99&#8243; button_border_radius=&#8221;19px&#8221; button_icon=&#8221;&#x35;||divi||400&#8243; button_on_hover=&#8221;off&#8221; custom_margin=&#8221;||6px||false|false&#8221; hover_enabled=&#8221;0&#8243; custom_css_main_element=&#8221;width:auto;&#8221; locked=&#8221;off&#8221; global_colors_info=&#8221;{}&#8221; button_text_color__hover_enabled=&#8221;on|desktop&#8221; button_text_color__hover=&#8221;#004c99&#8243; sticky_enabled=&#8221;0&#8243;][\/et_pb_button][\/et_pb_column][et_pb_column type=&#8221;1_2&#8243; _builder_version=&#8221;4.24.0&#8243; _module_preset=&#8221;default&#8221; global_colors_info=&#8221;{}&#8221;][et_pb_image src=&#8221;https:\/\/www.poloeducacionalsesc.com.br\/wp-content\/uploads\/2024\/01\/Uzina-2014-Mergulho_no_circo-162118-1.jpg&#8221; title_text=&#8221;Uzina-2014-Mergulho_no_circo-162118-1&#8243; _builder_version=&#8221;4.24.0&#8243; _module_preset=&#8221;default&#8221; min_height=&#8221;268.7px&#8221; custom_padding=&#8221;|41px|0px|27px||&#8221; locked=&#8221;off&#8221; global_colors_info=&#8221;{}&#8221;][\/et_pb_image][et_pb_image src=&#8221;https:\/\/www.poloeducacionalsesc.com.br\/wp-content\/uploads\/2025\/10\/1-275-scaled.jpg&#8221; title_text=&#8221;1 (275)&#8221; _builder_version=&#8221;4.27.4&#8243; _module_preset=&#8221;default&#8221; min_height=&#8221;268.7px&#8221; custom_padding=&#8221;|41px|0px|27px||&#8221; locked=&#8221;off&#8221; global_colors_info=&#8221;{}&#8221;][\/et_pb_image][\/et_pb_column][\/et_pb_row][\/et_pb_section]<\/p>\n","protected":false},"excerpt":{"rendered":"<p>&nbsp; Para incentivar a forma\u00e7\u00e3o profissional no campo cultural, o Polo Educacional Sesc promove o Usina. S\u00e3o cursos livres gratuitos nas \u00e1reas de m\u00fasica, audiovisual, artes c\u00eanicas e artes visuais proporcionando oportunidades de amplia\u00e7\u00e3o de repert\u00f3rios e conhecimentos t\u00e9cnicos para quem participa. As aulas s\u00e3o presenciais e ministradas por profissionais qualificados e experientes em suas [&hellip;]<\/p>\n","protected":false},"author":1,"featured_media":0,"parent":0,"menu_order":0,"comment_status":"closed","ping_status":"closed","template":"","meta":{"_et_pb_use_builder":"on","_et_pb_old_content":"","_et_gb_content_width":"","footnotes":""},"class_list":["post-7220","page","type-page","status-publish","hentry"],"_links":{"self":[{"href":"https:\/\/www.sesc.com.br\/poloeducacional\/wp-json\/wp\/v2\/pages\/7220","targetHints":{"allow":["GET"]}}],"collection":[{"href":"https:\/\/www.sesc.com.br\/poloeducacional\/wp-json\/wp\/v2\/pages"}],"about":[{"href":"https:\/\/www.sesc.com.br\/poloeducacional\/wp-json\/wp\/v2\/types\/page"}],"author":[{"embeddable":true,"href":"https:\/\/www.sesc.com.br\/poloeducacional\/wp-json\/wp\/v2\/users\/1"}],"replies":[{"embeddable":true,"href":"https:\/\/www.sesc.com.br\/poloeducacional\/wp-json\/wp\/v2\/comments?post=7220"}],"version-history":[{"count":62,"href":"https:\/\/www.sesc.com.br\/poloeducacional\/wp-json\/wp\/v2\/pages\/7220\/revisions"}],"predecessor-version":[{"id":9627,"href":"https:\/\/www.sesc.com.br\/poloeducacional\/wp-json\/wp\/v2\/pages\/7220\/revisions\/9627"}],"wp:attachment":[{"href":"https:\/\/www.sesc.com.br\/poloeducacional\/wp-json\/wp\/v2\/media?parent=7220"}],"curies":[{"name":"wp","href":"https:\/\/api.w.org\/{rel}","templated":true}]}}