{"id":7337,"date":"2023-01-05T15:26:29","date_gmt":"2023-01-05T18:26:29","guid":{"rendered":"https:\/\/www.poloeducacionalsesc.com.br\/?page_id=7337"},"modified":"2026-05-05T14:37:44","modified_gmt":"2026-05-05T17:37:44","slug":"producaocultural","status":"publish","type":"page","link":"https:\/\/www.sesc.com.br\/poloeducacional\/producaocultural\/","title":{"rendered":"Qualifica\u00e7\u00e3o Profissional em Produ\u00e7\u00e3o Cultural"},"content":{"rendered":"<p>[et_pb_section fb_built=&#8221;1&#8243; fullwidth=&#8221;on&#8221; _builder_version=&#8221;4.21.0&#8243; _module_preset=&#8221;default&#8221; background_enable_image=&#8221;off&#8221; width=&#8221;100%&#8221; global_colors_info=&#8221;{}&#8221;][et_pb_fullwidth_header title=&#8221;Qualifica\u00e7\u00e3o Profissional em Produ\u00e7\u00e3o Cultural&#8221; subhead=&#8221;Polo Educacional Sesc&#8221; text_orientation=&#8221;right&#8221; background_overlay_color=&#8221;rgba(0,0,0,0.4)&#8221; _builder_version=&#8221;4.27.4&#8243; _module_preset=&#8221;default&#8221; title_font=&#8221;|700|||||||&#8221; title_font_size=&#8221;50px&#8221; subhead_font=&#8221;|300|||||||&#8221; subhead_font_size=&#8221;24px&#8221; background_color=&#8221;#0c2ed6&#8243; background_image=&#8221;https:\/\/www.poloeducacionalsesc.com.br\/wp-content\/uploads\/2024\/12\/ABI1943-scaled-e1733863566623.jpg&#8221; width=&#8221;100%&#8221; module_alignment=&#8221;left&#8221; min_height=&#8221;411px&#8221; custom_css_main_element=&#8221;display: flex;&#8221; custom_css_header_container=&#8221;vertical-align: middle&#8221; border_width_top=&#8221;4px&#8221; border_color_top=&#8221;#f6ba18&#8243; border_width_bottom=&#8221;4px&#8221; border_color_bottom=&#8221;#f6ba18&#8243; global_colors_info=&#8221;{}&#8221;][\/et_pb_fullwidth_header][\/et_pb_section][et_pb_section fb_built=&#8221;1&#8243; _builder_version=&#8221;4.17.4&#8243; _module_preset=&#8221;default&#8221; custom_margin=&#8221;||||false|false&#8221; custom_padding=&#8221;30px||0px||false|false&#8221; global_colors_info=&#8221;{}&#8221;][et_pb_row column_structure=&#8221;1_2,1_2&#8243; module_class=&#8221;pa-inline-buttons&#8221; _builder_version=&#8221;4.17.4&#8243; _module_preset=&#8221;default&#8221; custom_css_main_element=&#8221;display:flex;||align-items: center;&#8221; global_colors_info=&#8221;{}&#8221; custom_css_main_element_last_edited=&#8221;on|phone&#8221; custom_css_main_element_phone=&#8221;display:block;&#8221; custom_css_main_element_tablet=&#8221;display:flex;||align-items: center;&#8221;][et_pb_column type=&#8221;1_2&#8243; _builder_version=&#8221;4.17.4&#8243; _module_preset=&#8221;default&#8221; global_colors_info=&#8221;{}&#8221;][et_pb_text _builder_version=&#8221;4.27.5&#8243; _module_preset=&#8221;default&#8221; text_font=&#8221;|300|||||||&#8221; header_font=&#8221;|800|||||||&#8221; header_text_color=&#8221;#004c99&#8243; header_font_size=&#8221;36px&#8221; min_height=&#8221;235px&#8221; custom_margin=&#8221;||-66px|||&#8221; custom_padding=&#8221;||0px|||&#8221; custom_css_main_element=&#8221;vertical-align: middle;&#8221; global_colors_info=&#8221;{}&#8221;]<\/p>\n<p>O Curso de Qualifica\u00e7\u00e3o Profissional em Produ\u00e7\u00e3o Cultural tem como objetivo estimular a profissionaliza\u00e7\u00e3o de agentes comunit\u00e1rios que atuam informalmente na \u00e1rea da cultura, principalmente em territ\u00f3rios perif\u00e9ricos. A capacita\u00e7\u00e3o amplia as oportunidades para os produtores, com a conquista de novas parcerias em atividades e projetos culturais.<br \/>Entre os t\u00f3picos que comp\u00f5em o plano de curso est\u00e3o aulas sobre campo cultural; elabora\u00e7\u00e3o de projetos; planejamento estrat\u00e9gico; leis de incentivo \u00e0 cultura; marketing cultural; media\u00e7\u00e3o; acessibilidade; direito e no\u00e7\u00f5es de contabilidade. O processo seletivo \u00e9 realizado em duas etapas: inscri\u00e7\u00e3o com an\u00e1lise da autoapresenta\u00e7\u00e3o e entrevistas para identifica\u00e7\u00e3o das viv\u00eancias culturais do candidato e seu alinhamento com o curso.<\/p>\n<p>&nbsp;<\/p>\n<p>&nbsp;<\/p>\n<p>&nbsp;<\/p>\n<p>[\/et_pb_text][et_pb_text _builder_version=&#8221;4.27.5&#8243; _module_preset=&#8221;default&#8221; text_font=&#8221;|300|||||||&#8221; header_font=&#8221;|800|||||||&#8221; header_text_color=&#8221;#004c99&#8243; header_font_size=&#8221;36px&#8221; min_height=&#8221;85.2px&#8221; custom_margin=&#8221;||9px|||&#8221; custom_css_main_element=&#8221;vertical-align: middle;&#8221; global_colors_info=&#8221;{}&#8221;]<\/p>\n<h1>Processo Seletivo 2026<\/h1>\n<p>O Polo Educacional Sesc abre inscri\u00e7\u00f5es para a 11\u00aa e 12\u00aa turma de Qualifica\u00e7\u00e3o Profissional em Produ\u00e7\u00e3o Cultural sendo uma em cada semestre de 2026.<\/p>\n<p>As inscri\u00e7\u00f5es podem ser realizadas a partir das <strong>12h do dia 23 de janeiro at\u00e9 \u00e0s 12h do dia 2 de fevereiro de 2026<\/strong> (hor\u00e1rio de Bras\u00edlia).<\/p>\n<p>[\/et_pb_text][et_pb_button button_url=&#8221;https:\/\/www.poloeducacionalsesc.com.br\/wp-content\/uploads\/2026\/01\/Instrumento_Convocatorio_Quali_Profi_Producao_Cultural_2026_Chancelado.pdf&#8221; url_new_window=&#8221;on&#8221; button_text=&#8221;Convocat\u00f3ria&#8221; button_alignment=&#8221;left&#8221; _builder_version=&#8221;4.27.5&#8243; _module_preset=&#8221;default&#8221; custom_button=&#8221;on&#8221; button_text_size=&#8221;16px&#8221; button_text_color=&#8221;#004c99&#8243; button_border_width=&#8221;2px&#8221; button_border_color=&#8221;#004c99&#8243; button_border_radius=&#8221;19px&#8221; button_icon=&#8221;&#x35;||divi||400&#8243; button_on_hover=&#8221;off&#8221; custom_margin=&#8221;||6px||false|false&#8221; custom_css_main_element=&#8221;width:auto;&#8221; global_colors_info=&#8221;{}&#8221; button_text_color__hover_enabled=&#8221;on|desktop&#8221; button_text_color__hover=&#8221;#004c99&#8243;][\/et_pb_button][et_pb_button button_url=&#8221;https:\/\/forms.office.com\/r\/b4FN7t4Hap&#8221; url_new_window=&#8221;on&#8221; button_text=&#8221;Inscri\u00e7\u00e3o&#8221; button_alignment=&#8221;left&#8221; _builder_version=&#8221;4.27.5&#8243; _module_preset=&#8221;default&#8221; custom_button=&#8221;on&#8221; button_text_size=&#8221;16px&#8221; button_text_color=&#8221;#004c99&#8243; button_border_width=&#8221;2px&#8221; button_border_color=&#8221;#004c99&#8243; button_border_radius=&#8221;19px&#8221; button_icon=&#8221;&#x35;||divi||400&#8243; button_on_hover=&#8221;off&#8221; custom_margin=&#8221;||6px||false|false&#8221; custom_css_main_element=&#8221;width:auto;&#8221; global_colors_info=&#8221;{}&#8221; button_text_color__hover_enabled=&#8221;on|desktop&#8221; button_text_color__hover=&#8221;#004c99&#8243;][\/et_pb_button][et_pb_button button_url=&#8221;https:\/\/www.poloeducacionalsesc.com.br\/wp-content\/uploads\/2026\/02\/Convocacao_Entrevistas_2026.pdf&#8221; url_new_window=&#8221;on&#8221; button_text=&#8221;Convocados para entrevista&#8221; button_alignment=&#8221;left&#8221; _builder_version=&#8221;4.27.5&#8243; _module_preset=&#8221;default&#8221; custom_button=&#8221;on&#8221; button_text_size=&#8221;16px&#8221; button_text_color=&#8221;#004c99&#8243; button_border_width=&#8221;2px&#8221; button_border_color=&#8221;#004c99&#8243; button_border_radius=&#8221;19px&#8221; button_icon=&#8221;&#x35;||divi||400&#8243; button_on_hover=&#8221;off&#8221; custom_margin=&#8221;||6px||false|false&#8221; custom_css_main_element=&#8221;width:auto;&#8221; global_colors_info=&#8221;{}&#8221; button_text_color__hover_enabled=&#8221;on|desktop&#8221; button_text_color__hover=&#8221;#004c99&#8243;][\/et_pb_button][et_pb_button button_url=&#8221;https:\/\/www.poloeducacionalsesc.com.br\/wp-content\/uploads\/2026\/02\/Qualificacao-Profissional_2026_Resultado.pdf&#8221; url_new_window=&#8221;on&#8221; button_text=&#8221;Resultado&#8221; button_alignment=&#8221;left&#8221; _builder_version=&#8221;4.27.5&#8243; _module_preset=&#8221;default&#8221; custom_button=&#8221;on&#8221; button_text_size=&#8221;16px&#8221; button_text_color=&#8221;#004c99&#8243; button_border_width=&#8221;2px&#8221; button_border_color=&#8221;#004c99&#8243; button_border_radius=&#8221;19px&#8221; button_icon=&#8221;&#x35;||divi||400&#8243; button_on_hover=&#8221;off&#8221; custom_margin=&#8221;||6px||false|false&#8221; custom_css_main_element=&#8221;width:auto;&#8221; global_colors_info=&#8221;{}&#8221; button_text_color__hover_enabled=&#8221;on|desktop&#8221; button_text_color__hover=&#8221;#004c99&#8243;][\/et_pb_button][\/et_pb_column][et_pb_column type=&#8221;1_2&#8243; _builder_version=&#8221;4.17.4&#8243; _module_preset=&#8221;default&#8221; global_colors_info=&#8221;{}&#8221;][et_pb_image src=&#8221;https:\/\/www.poloeducacionalsesc.com.br\/wp-content\/uploads\/2024\/12\/ABI2208-scaled.jpg&#8221; title_text=&#8221;_ABI2208&#8243; _builder_version=&#8221;4.27.4&#8243; _module_preset=&#8221;default&#8221; global_colors_info=&#8221;{}&#8221;][\/et_pb_image][et_pb_image src=&#8221;https:\/\/www.poloeducacionalsesc.com.br\/wp-content\/uploads\/2024\/12\/ABI2311-scaled.jpg&#8221; title_text=&#8221;_ABI2311&#8243; _builder_version=&#8221;4.27.4&#8243; _module_preset=&#8221;default&#8221; global_colors_info=&#8221;{}&#8221;][\/et_pb_image][\/et_pb_column][\/et_pb_row][\/et_pb_section][et_pb_section fb_built=&#8221;1&#8243; _builder_version=&#8221;4.17.4&#8243; _module_preset=&#8221;default&#8221; background_color=&#8221;#f9f9f9&#8243; custom_padding=&#8221;0px||2px|||&#8221; locked=&#8221;off&#8221; global_colors_info=&#8221;{}&#8221;][et_pb_row column_structure=&#8221;1_2,1_2&#8243; _builder_version=&#8221;4.17.4&#8243; _module_preset=&#8221;default&#8221; custom_padding=&#8221;40px||40px|||&#8221; custom_css_main_element=&#8221;display:flex;||align-items: center;&#8221; global_colors_info=&#8221;{}&#8221; custom_css_main_element_last_edited=&#8221;on|phone&#8221; custom_css_main_element_phone=&#8221;display:block;&#8221; custom_css_main_element_tablet=&#8221;display:flex;||align-items: center;&#8221;][et_pb_column type=&#8221;1_2&#8243; _builder_version=&#8221;4.17.4&#8243; _module_preset=&#8221;default&#8221; global_colors_info=&#8221;{}&#8221;][et_pb_text _builder_version=&#8221;4.17.4&#8243; _module_preset=&#8221;default&#8221; text_font=&#8221;|300|||||||&#8221; header_font=&#8221;|800|||||||&#8221; header_text_color=&#8221;#004c99&#8243; header_font_size=&#8221;36px&#8221; custom_margin=&#8221;||9px|||&#8221; custom_css_main_element=&#8221;vertical-align: middle;&#8221; global_colors_info=&#8221;{}&#8221;]<\/p>\n<h1>Polo Educacional Sesc<\/h1>\n<p><span>Com sede no Rio de Janeiro, o Polo promove educa\u00e7\u00e3o de qualidade, e atua em segmentos como Ensino M\u00e9dio e forma\u00e7\u00e3o de professores. Tem entre suas unidades a Escola Sesc de Ensino M\u00e9dio, refer\u00eancia em ensino gratuito e de excel\u00eancia.<\/span><\/p>\n<p>[\/et_pb_text][et_pb_button button_url=&#8221;https:\/\/www.poloeducacionalsesc.com.br\/quem-somos\/&#8221; button_text=&#8221;Saiba mais&#8221; button_alignment=&#8221;right&#8221; _builder_version=&#8221;4.17.4&#8243; _module_preset=&#8221;default&#8221; custom_button=&#8221;on&#8221; button_text_size=&#8221;16px&#8221; button_text_color=&#8221;#004c99&#8243; button_border_width=&#8221;2px&#8221; button_border_color=&#8221;#004c99&#8243; button_border_radius=&#8221;19px&#8221; button_icon=&#8221;&#x35;||divi||400&#8243; button_on_hover=&#8221;off&#8221; custom_css_main_element=&#8221;width:auto;&#8221; global_colors_info=&#8221;{}&#8221; button_text_color__hover_enabled=&#8221;on|desktop&#8221; button_text_color__hover=&#8221;#004c99&#8243;][\/et_pb_button][\/et_pb_column][et_pb_column type=&#8221;1_2&#8243; _builder_version=&#8221;4.17.4&#8243; _module_preset=&#8221;default&#8221; global_colors_info=&#8221;{}&#8221;][et_pb_image src=&#8221;https:\/\/www.poloeducacionalsesc.com.br\/wp-content\/uploads\/2023\/01\/IMG_7417.jpg&#8221; title_text=&#8221;IMG_7417&#8243; _builder_version=&#8221;4.19.4&#8243; _module_preset=&#8221;default&#8221; width=&#8221;80%&#8221; global_colors_info=&#8221;{}&#8221;][\/et_pb_image][\/et_pb_column][\/et_pb_row][\/et_pb_section]<\/p>\n","protected":false},"excerpt":{"rendered":"<p>O Curso de Qualifica\u00e7\u00e3o Profissional em Produ\u00e7\u00e3o Cultural tem como objetivo estimular a profissionaliza\u00e7\u00e3o de agentes comunit\u00e1rios que atuam informalmente na \u00e1rea da cultura, principalmente em territ\u00f3rios perif\u00e9ricos. A capacita\u00e7\u00e3o amplia as oportunidades para os produtores, com a conquista de novas parcerias em atividades e projetos culturais.Entre os t\u00f3picos que comp\u00f5em o plano de curso [&hellip;]<\/p>\n","protected":false},"author":1,"featured_media":0,"parent":0,"menu_order":0,"comment_status":"closed","ping_status":"closed","template":"","meta":{"_et_pb_use_builder":"on","_et_pb_old_content":"","_et_gb_content_width":"","footnotes":""},"class_list":["post-7337","page","type-page","status-publish","hentry"],"_links":{"self":[{"href":"https:\/\/www.sesc.com.br\/poloeducacional\/wp-json\/wp\/v2\/pages\/7337","targetHints":{"allow":["GET"]}}],"collection":[{"href":"https:\/\/www.sesc.com.br\/poloeducacional\/wp-json\/wp\/v2\/pages"}],"about":[{"href":"https:\/\/www.sesc.com.br\/poloeducacional\/wp-json\/wp\/v2\/types\/page"}],"author":[{"embeddable":true,"href":"https:\/\/www.sesc.com.br\/poloeducacional\/wp-json\/wp\/v2\/users\/1"}],"replies":[{"embeddable":true,"href":"https:\/\/www.sesc.com.br\/poloeducacional\/wp-json\/wp\/v2\/comments?post=7337"}],"version-history":[{"count":45,"href":"https:\/\/www.sesc.com.br\/poloeducacional\/wp-json\/wp\/v2\/pages\/7337\/revisions"}],"predecessor-version":[{"id":9755,"href":"https:\/\/www.sesc.com.br\/poloeducacional\/wp-json\/wp\/v2\/pages\/7337\/revisions\/9755"}],"wp:attachment":[{"href":"https:\/\/www.sesc.com.br\/poloeducacional\/wp-json\/wp\/v2\/media?parent=7337"}],"curies":[{"name":"wp","href":"https:\/\/api.w.org\/{rel}","templated":true}]}}