{"id":7372,"date":"2023-03-09T11:47:29","date_gmt":"2023-03-09T14:47:29","guid":{"rendered":"https:\/\/www.poloeducacionalsesc.com.br\/?page_id=7372"},"modified":"2026-05-04T14:48:15","modified_gmt":"2026-05-04T17:48:15","slug":"programacao","status":"publish","type":"page","link":"https:\/\/www.sesc.com.br\/poloeducacional\/programacao\/","title":{"rendered":"Programa\u00e7\u00e3o cultural"},"content":{"rendered":"<p>[et_pb_section fb_built=&#8221;1&#8243; fullwidth=&#8221;on&#8221; _builder_version=&#8221;4.20.2&#8243; _module_preset=&#8221;default&#8221; background_image=&#8221;https:\/\/www.poloeducacionalsesc.com.br\/wp-content\/uploads\/2022\/06\/20210525_161137.png&#8221; width=&#8221;100%&#8221; global_colors_info=&#8221;{}&#8221;][et_pb_fullwidth_header title=&#8221;Programa\u00e7\u00e3o Cultural&#8221; text_orientation=&#8221;right&#8221; button_one_url=&#8221;https:\/\/www.poloeducacionalsesc.com.br\/ensino-medio\/admissao&#8221; background_overlay_color=&#8221;rgba(0,0,0,0.4)&#8221; _builder_version=&#8221;4.20.2&#8243; _module_preset=&#8221;default&#8221; title_font=&#8221;|700|||||||&#8221; title_font_size=&#8221;50px&#8221; subhead_font=&#8221;|300|||||||&#8221; subhead_font_size=&#8221;24px&#8221; background_enable_color=&#8221;off&#8221; background_enable_image=&#8221;off&#8221; custom_button_one=&#8221;on&#8221; button_one_text_size=&#8221;16px&#8221; button_one_text_color=&#8221;#000000&#8243; button_one_bg_color=&#8221;#f6ba18&#8243; button_one_border_width=&#8221;0px&#8221; button_one_border_radius=&#8221;20px&#8221; width=&#8221;100%&#8221; module_alignment=&#8221;left&#8221; min_height=&#8221;300px&#8221; custom_css_main_element=&#8221;display: flex;&#8221; custom_css_header_container=&#8221;vertical-align: middle&#8221; border_width_top=&#8221;4px&#8221; border_color_top=&#8221;#f6ba18&#8243; border_width_bottom=&#8221;4px&#8221; border_color_bottom=&#8221;#f6ba18&#8243; global_colors_info=&#8221;{}&#8221;][\/et_pb_fullwidth_header][\/et_pb_section][et_pb_section fb_built=&#8221;1&#8243; _builder_version=&#8221;4.20.2&#8243; _module_preset=&#8221;default&#8221; custom_padding=&#8221;0px||0px|||&#8221; global_colors_info=&#8221;{}&#8221;][et_pb_row column_structure=&#8221;1_2,1_2&#8243; _builder_version=&#8221;4.17.4&#8243; _module_preset=&#8221;default&#8221; custom_css_main_element=&#8221;display:flex;||align-items: center;&#8221; global_colors_info=&#8221;{}&#8221; custom_css_main_element_last_edited=&#8221;on|phone&#8221; custom_css_main_element_phone=&#8221;display:block;&#8221; custom_css_main_element_tablet=&#8221;display:flex;||align-items: center;&#8221;][et_pb_column type=&#8221;1_2&#8243; _builder_version=&#8221;4.17.4&#8243; _module_preset=&#8221;default&#8221; global_colors_info=&#8221;{}&#8221;][et_pb_image src=&#8221;https:\/\/www.poloeducacionalsesc.com.br\/wp-content\/uploads\/2022\/03\/sesc110_red.jpg&#8221; title_text=&#8221;sesc110_red&#8221; _builder_version=&#8221;4.20.2&#8243; _module_preset=&#8221;default&#8221; global_colors_info=&#8221;{}&#8221;][\/et_pb_image][\/et_pb_column][et_pb_column type=&#8221;1_2&#8243; _builder_version=&#8221;4.17.4&#8243; _module_preset=&#8221;default&#8221; global_colors_info=&#8221;{}&#8221;][et_pb_text _builder_version=&#8221;4.27.4&#8243; _module_preset=&#8221;default&#8221; text_font=&#8221;|300|||||||&#8221; header_font=&#8221;|800|||||||&#8221; header_text_color=&#8221;#004c99&#8243; header_font_size=&#8221;36px&#8221; custom_margin=&#8221;||16px|||&#8221; custom_css_main_element=&#8221;vertical-align: middle;&#8221; global_colors_info=&#8221;{}&#8221;]<\/p>\n<p>Segundo pesquisa de h\u00e1bitos culturais, divulgada no livro Cultura nas capitais: como 33 milh\u00f5es de brasileiros consomem divers\u00e3o e arte, organizado por Jo\u00e3o Leiva e Ricardo Meirelles (2018), quanto maior o grau de escolaridade, maior \u00e9 o h\u00e1bito e a diversifica\u00e7\u00e3o de experi\u00eancias culturais. Ao mesmo tempo, o estudo revela percentuais expressivos de pessoas com escolaridade de n\u00edvel m\u00e9dio, incompleto ou completo que nunca foram a algumas manifesta\u00e7\u00f5es art\u00edstico-culturais.<\/p>\n<p>Buscando contribuir para inverter essa l\u00f3gica, o Polo Educacional Sesc promove uma s\u00e9rie de a\u00e7\u00f5es culturais gratuitas e mediadas. A programa\u00e7\u00e3o ofertada tem como objetivo ampliar repert\u00f3rios, vis\u00f5es de mundo e experi\u00eancias sens\u00edveis dos estudantes, al\u00e9m de promover espa\u00e7os de conviv\u00eancia e sociabilidade entre artistas, alunos e educadores.<\/p>\n<p><strong>Aproveite nossa programa\u00e7\u00e3o.<\/strong><\/p>\n<p><strong><\/strong><\/p>\n<p>[\/et_pb_text][\/et_pb_column][\/et_pb_row][\/et_pb_section][et_pb_section fb_built=&#8221;1&#8243; _builder_version=&#8221;4.17.4&#8243; _module_preset=&#8221;default&#8221; background_color=&#8221;#f9f9f9&#8243; ab_goal=&#8221;on&#8221; global_colors_info=&#8221;{}&#8221;][et_pb_row _builder_version=&#8221;4.27.6&#8243; _module_preset=&#8221;default&#8221; hover_enabled=&#8221;0&#8243; global_colors_info=&#8221;{}&#8221; sticky_enabled=&#8221;0&#8243; custom_padding=&#8221;||3px|||&#8221;][et_pb_column type=&#8221;4_4&#8243; _builder_version=&#8221;4.21.0&#8243; _module_preset=&#8221;default&#8221; global_colors_info=&#8221;{}&#8221;][et_pb_code _builder_version=&#8221;4.27.6&#8243; _module_preset=&#8221;default&#8221; hover_enabled=&#8221;0&#8243; global_colors_info=&#8221;{}&#8221; sticky_enabled=&#8221;0&#8243;]<\/p>\n<div style=\"padding-top: 100%;\" class=\"fluid-width-video-wrapper\"><embed src=\"https:\/\/www.poloeducacionalsesc.com.br\/wp-content\/uploads\/2026\/05\/PLE_Folder_Maio-Junho26_web.pdf\" name=\"fitvid0\"><\/div>\n<p>[\/et_pb_code][\/et_pb_column][\/et_pb_row][\/et_pb_section]<\/p>\n","protected":false},"excerpt":{"rendered":"<p>Segundo pesquisa de h\u00e1bitos culturais, divulgada no livro Cultura nas capitais: como 33 milh\u00f5es de brasileiros consomem divers\u00e3o e arte, organizado por Jo\u00e3o Leiva e Ricardo Meirelles (2018), quanto maior o grau de escolaridade, maior \u00e9 o h\u00e1bito e a diversifica\u00e7\u00e3o de experi\u00eancias culturais. Ao mesmo tempo, o estudo revela percentuais expressivos de pessoas com [&hellip;]<\/p>\n","protected":false},"author":1,"featured_media":0,"parent":0,"menu_order":0,"comment_status":"closed","ping_status":"closed","template":"","meta":{"_et_pb_use_builder":"on","_et_pb_old_content":"","_et_gb_content_width":"","footnotes":""},"class_list":["post-7372","page","type-page","status-publish","hentry"],"_links":{"self":[{"href":"https:\/\/www.sesc.com.br\/poloeducacional\/wp-json\/wp\/v2\/pages\/7372","targetHints":{"allow":["GET"]}}],"collection":[{"href":"https:\/\/www.sesc.com.br\/poloeducacional\/wp-json\/wp\/v2\/pages"}],"about":[{"href":"https:\/\/www.sesc.com.br\/poloeducacional\/wp-json\/wp\/v2\/types\/page"}],"author":[{"embeddable":true,"href":"https:\/\/www.sesc.com.br\/poloeducacional\/wp-json\/wp\/v2\/users\/1"}],"replies":[{"embeddable":true,"href":"https:\/\/www.sesc.com.br\/poloeducacional\/wp-json\/wp\/v2\/comments?post=7372"}],"version-history":[{"count":37,"href":"https:\/\/www.sesc.com.br\/poloeducacional\/wp-json\/wp\/v2\/pages\/7372\/revisions"}],"predecessor-version":[{"id":9749,"href":"https:\/\/www.sesc.com.br\/poloeducacional\/wp-json\/wp\/v2\/pages\/7372\/revisions\/9749"}],"wp:attachment":[{"href":"https:\/\/www.sesc.com.br\/poloeducacional\/wp-json\/wp\/v2\/media?parent=7372"}],"curies":[{"name":"wp","href":"https:\/\/api.w.org\/{rel}","templated":true}]}}