{"id":7535,"date":"2023-06-06T14:24:47","date_gmt":"2023-06-06T17:24:47","guid":{"rendered":"https:\/\/www.poloeducacionalsesc.com.br\/?page_id=7535"},"modified":"2025-12-04T14:25:16","modified_gmt":"2025-12-04T17:25:16","slug":"ead-eja","status":"publish","type":"page","link":"https:\/\/www.sesc.com.br\/poloeducacional\/ead-eja\/","title":{"rendered":"Sesc EAD EJA"},"content":{"rendered":"<p>[et_pb_section fb_built=&#8221;1&#8243; fullwidth=&#8221;on&#8221; _builder_version=&#8221;4.21.0&#8243; _module_preset=&#8221;default&#8221; background_enable_image=&#8221;off&#8221; width=&#8221;100%&#8221; global_colors_info=&#8221;{}&#8221;][et_pb_fullwidth_header title=&#8221;Sesc EAD EJA&#8221; subhead=&#8221;Educa\u00e7\u00e3o a Dist\u00e2ncia para Jovens e Adultos&#8221; text_orientation=&#8221;right&#8221; background_overlay_color=&#8221;rgba(0,0,0,0.4)&#8221; _builder_version=&#8221;4.21.0&#8243; _module_preset=&#8221;default&#8221; title_font=&#8221;|700|||||||&#8221; title_font_size=&#8221;50px&#8221; subhead_font=&#8221;|300|||||||&#8221; subhead_font_size=&#8221;24px&#8221; background_enable_color=&#8221;off&#8221; background_image=&#8221;https:\/\/www.poloeducacionalsesc.com.br\/wp-content\/uploads\/2023\/06\/Banner-100-1.jpg&#8221; width=&#8221;100%&#8221; module_alignment=&#8221;left&#8221; min_height=&#8221;300px&#8221; custom_css_main_element=&#8221;display: flex;&#8221; custom_css_header_container=&#8221;vertical-align: middle&#8221; border_width_top=&#8221;4px&#8221; border_color_top=&#8221;#f6ba18&#8243; border_width_bottom=&#8221;4px&#8221; border_color_bottom=&#8221;#f6ba18&#8243; global_colors_info=&#8221;{}&#8221;][\/et_pb_fullwidth_header][\/et_pb_section][et_pb_section fb_built=&#8221;1&#8243; _builder_version=&#8221;4.17.4&#8243; _module_preset=&#8221;default&#8221; custom_margin=&#8221;||||false|false&#8221; custom_padding=&#8221;30px||0px||false|false&#8221; global_colors_info=&#8221;{}&#8221;][et_pb_row column_structure=&#8221;1_2,1_2&#8243; module_class=&#8221;pa-inline-buttons&#8221; _builder_version=&#8221;4.25.1&#8243; _module_preset=&#8221;default&#8221; custom_css_main_element=&#8221;display:flex;||align-items: center;&#8221; global_colors_info=&#8221;{}&#8221; custom_css_main_element_last_edited=&#8221;on|phone&#8221; custom_css_main_element_phone=&#8221;display:block;&#8221; custom_css_main_element_tablet=&#8221;display:flex;||align-items: center;&#8221;][et_pb_column type=&#8221;1_2&#8243; _builder_version=&#8221;4.17.4&#8243; _module_preset=&#8221;default&#8221; global_colors_info=&#8221;{}&#8221;][et_pb_text _builder_version=&#8221;4.27.4&#8243; _module_preset=&#8221;default&#8221; text_font=&#8221;|300|||||||&#8221; header_font=&#8221;|800|||||||&#8221; header_text_color=&#8221;#004c99&#8243; header_font_size=&#8221;36px&#8221; custom_margin=&#8221;||-66px|||&#8221; custom_padding=&#8221;||0px|||&#8221; custom_css_main_element=&#8221;vertical-align: middle;&#8221; global_colors_info=&#8221;{}&#8221;]<\/p>\n<h1>Ensino M\u00e9dio integrado a qualifica\u00e7\u00e3o profissional<span style=\"font-size: 16px;\"><\/span><\/h1>\n<p><span style=\"font-size: 16px;\">Sesc EAD EJA oferece a jovens e adultos forma\u00e7\u00e3o gratuita no <strong>Ensino M\u00e9dio<\/strong> integrado a <strong>qualifica\u00e7\u00e3o profissional em<span data-contrast=\"auto\" xml:lang=\"PT-BR\" lang=\"PT-BR\" class=\"TextRun SCXW170672078 BCX0\"><span class=\"NormalTextRun SCXW170672078 BCX0\">\u00a0Assistente de Marketing e Vendas<\/span><\/span><\/strong>. <\/span><span style=\"font-size: 16px;\">O curso tem dura\u00e7\u00e3o de tr\u00eas semestres e carga hor\u00e1ria de 1.200 horas, contando com aulas em formato virtual e encontros presencias obrigat\u00f3rios. No Polo Educacional Sesc, as <strong>aulas presenciais<\/strong> ser\u00e3o realizadas no <strong>turno da noite<\/strong>, duas vezes por semana. <\/span><span style=\"font-size: 16px;\">O Sesc EAD EJA \u00e9 realizado em parceria com o Senac, respons\u00e1vel pela plataforma de realiza\u00e7\u00e3o do curso. O candidato, para realizar a pr\u00e9-inscri\u00e7\u00e3o, dever\u00e1 atender aos seguintes requisitos obrigat\u00f3rios: <strong>ter idade m\u00ednima de 18 anos no ato da pr\u00e9-inscri\u00e7\u00e3o, t<\/strong><\/span><span style=\"font-size: 16px;\"><strong>er conclu\u00eddo o ensino fundamental e ter renda familiar de at\u00e9 <span>2 sal\u00e1rios-m\u00ednimos familiar per capita.<\/span><\/strong><\/span><\/p>\n<p><span style=\"font-size: 16px;\"><\/span><\/p>\n<h3><span style=\"color: #ffcc00;\"><strong>Inscri\u00e7\u00f5es 2026.1<\/strong><\/span><\/h3>\n<p><strong><\/strong><\/p>\n<p><span style=\"text-decoration: underline;\"><strong>Per\u00edodo:<\/strong><\/span> 03\/12\/2025 a 28\/01\/2026\u00a0<\/p>\n<p><span style=\"text-decoration: underline;\"><strong>Apresenta\u00e7\u00e3o dos documentos:<\/strong><\/span> N<span>a Secretaria do Polo Educacional Sesc, de segunda a sexta no hor\u00e1rio de 8h \u00e0s 19h, nos seguintes per\u00edodos:\u00a0<\/span>15 a 19\/12\/25 e 19 a 23\/01\/26<span><\/span><\/p>\n<p>A convoca\u00e7\u00e3o para entrega dos documentos ser\u00e1 feita por e-mail, com base no endere\u00e7o informado no formul\u00e1rio de inscri\u00e7\u00e3o. A matr\u00edcula s\u00f3 ser\u00e1 confirmada ap\u00f3s a an\u00e1lise e valida\u00e7\u00e3o dos documentos enviados.<\/p>\n<p><span style=\"text-decoration: underline;\"><strong>In\u00edcio das aulas:<\/strong><\/span> 02\/03\/2026<\/p>\n<div class=\"x_elementToProof\">\n<div class=\"x_ContentPasted0\">\n<p><span style=\"text-decoration: underline;\">Ser\u00e3o considerados crit\u00e9rios para classifica\u00e7\u00e3o dos candidatos:<\/span><\/p>\n<p>&#8211; Ordem de inscri\u00e7\u00e3o;<\/p>\n<\/div>\n<div class=\"x_ContentPasted0\">&#8211; Ser morador da XVI Regi\u00e3o Administrativa de Jacarepagu\u00e1 (Anil, Curicica, Freguesia, Gard\u00eania Azul, Jacarepagu\u00e1, Pechincha, Pra\u00e7a Seca, Tanque, Taquara e Vila Valqueire) ou da XXXIV Regi\u00e3o Administrativa da Cidade de Deus;<\/div>\n<div class=\"x_ContentPasted0\">\n<p>&#8211; Idade dos candidatos, privilegiando-se o de maior idade.<\/p>\n<p>&nbsp;<\/p>\n<\/div>\n<\/div>\n<p>&nbsp;<\/p>\n<p>&nbsp;<\/p>\n<p>[\/et_pb_text][et_pb_button button_url=&#8221;https:\/\/www.sesc.com.br\/atuacoes\/educacao\/educacao-a-distancia\/&#8221; url_new_window=&#8221;on&#8221; button_text=&#8221;Confira o edital e se inscreva&#8221; button_alignment=&#8221;left&#8221; _builder_version=&#8221;4.27.3&#8243; _module_preset=&#8221;default&#8221; custom_button=&#8221;on&#8221; button_text_size=&#8221;17px&#8221; button_text_color=&#8221;#FFFFFF&#8221; button_bg_color=&#8221;#0C71C3&#8243; button_border_width=&#8221;0px&#8221; button_border_color=&#8221;#004c99&#8243; button_border_radius=&#8221;19px&#8221; button_icon=&#8221;&#x35;||divi||400&#8243; button_on_hover=&#8221;off&#8221; background_layout=&#8221;dark&#8221; custom_css_main_element=&#8221;width:auto;&#8221; global_colors_info=&#8221;{}&#8221; button_text_color__hover_enabled=&#8221;on|desktop&#8221; button_text_color__hover=&#8221;#004c99&#8243;][\/et_pb_button][\/et_pb_column][et_pb_column type=&#8221;1_2&#8243; _builder_version=&#8221;4.17.4&#8243; _module_preset=&#8221;default&#8221; global_colors_info=&#8221;{}&#8221;][et_pb_image src=&#8221;https:\/\/www.poloeducacionalsesc.com.br\/wp-content\/uploads\/2025\/06\/RJA0429-scaled-e1748980018186.jpg&#8221; title_text=&#8221;_RJA0429&#8243; _builder_version=&#8221;4.27.4&#8243; _module_preset=&#8221;default&#8221; global_colors_info=&#8221;{}&#8221;][\/et_pb_image][et_pb_image src=&#8221;https:\/\/www.poloeducacionalsesc.com.br\/wp-content\/uploads\/2025\/06\/RJA0718-scaled-e1748980548738.jpg&#8221; title_text=&#8221;_RJA0718&#8243; _builder_version=&#8221;4.27.4&#8243; _module_preset=&#8221;default&#8221; global_colors_info=&#8221;{}&#8221;][\/et_pb_image][\/et_pb_column][\/et_pb_row][\/et_pb_section][et_pb_section fb_built=&#8221;1&#8243; _builder_version=&#8221;4.17.4&#8243; _module_preset=&#8221;default&#8221; background_color=&#8221;#f9f9f9&#8243; custom_padding=&#8221;0px||2px|||&#8221; locked=&#8221;off&#8221; global_colors_info=&#8221;{}&#8221;][et_pb_row column_structure=&#8221;1_2,1_2&#8243; _builder_version=&#8221;4.17.4&#8243; _module_preset=&#8221;default&#8221; custom_padding=&#8221;40px||40px|||&#8221; custom_css_main_element=&#8221;display:flex;||align-items: center;&#8221; global_colors_info=&#8221;{}&#8221; custom_css_main_element_last_edited=&#8221;on|phone&#8221; custom_css_main_element_phone=&#8221;display:block;&#8221; custom_css_main_element_tablet=&#8221;display:flex;||align-items: center;&#8221;][et_pb_column type=&#8221;1_2&#8243; _builder_version=&#8221;4.17.4&#8243; _module_preset=&#8221;default&#8221; global_colors_info=&#8221;{}&#8221;][et_pb_text _builder_version=&#8221;4.17.4&#8243; _module_preset=&#8221;default&#8221; text_font=&#8221;|300|||||||&#8221; header_font=&#8221;|800|||||||&#8221; header_text_color=&#8221;#004c99&#8243; header_font_size=&#8221;36px&#8221; custom_margin=&#8221;||9px|||&#8221; custom_css_main_element=&#8221;vertical-align: middle;&#8221; global_colors_info=&#8221;{}&#8221;]<\/p>\n<h1>Polo Educacional Sesc<\/h1>\n<p><span>Com sede no Rio de Janeiro, o Polo promove educa\u00e7\u00e3o de qualidade, e atua em segmentos como Ensino M\u00e9dio e forma\u00e7\u00e3o de professores. Tem entre suas unidades a Escola Sesc de Ensino M\u00e9dio, refer\u00eancia em ensino gratuito e de excel\u00eancia.<\/span><\/p>\n<p>[\/et_pb_text][et_pb_button button_url=&#8221;https:\/\/www.poloeducacionalsesc.com.br\/quem-somos\/&#8221; button_text=&#8221;Saiba mais&#8221; button_alignment=&#8221;right&#8221; _builder_version=&#8221;4.17.4&#8243; _module_preset=&#8221;default&#8221; custom_button=&#8221;on&#8221; button_text_size=&#8221;16px&#8221; button_text_color=&#8221;#004c99&#8243; button_border_width=&#8221;2px&#8221; button_border_color=&#8221;#004c99&#8243; button_border_radius=&#8221;19px&#8221; button_icon=&#8221;&#x35;||divi||400&#8243; button_on_hover=&#8221;off&#8221; custom_css_main_element=&#8221;width:auto;&#8221; global_colors_info=&#8221;{}&#8221; button_text_color__hover_enabled=&#8221;on|desktop&#8221; button_text_color__hover=&#8221;#004c99&#8243;][\/et_pb_button][\/et_pb_column][et_pb_column type=&#8221;1_2&#8243; _builder_version=&#8221;4.17.4&#8243; _module_preset=&#8221;default&#8221; global_colors_info=&#8221;{}&#8221;][et_pb_image src=&#8221;https:\/\/www.poloeducacionalsesc.com.br\/wp-content\/uploads\/2024\/12\/20210525_161415-scaled.jpg&#8221; title_text=&#8221;20210525_161415&#8243; _builder_version=&#8221;4.27.4&#8243; _module_preset=&#8221;default&#8221; width=&#8221;80%&#8221; custom_margin=&#8221;||-15px|||&#8221; global_colors_info=&#8221;{}&#8221;][\/et_pb_image][\/et_pb_column][\/et_pb_row][\/et_pb_section]<\/p>\n","protected":false},"excerpt":{"rendered":"<p>Ensino M\u00e9dio integrado a qualifica\u00e7\u00e3o profissional Sesc EAD EJA oferece a jovens e adultos forma\u00e7\u00e3o gratuita no Ensino M\u00e9dio integrado a qualifica\u00e7\u00e3o profissional em\u00a0Assistente de Marketing e Vendas. O curso tem dura\u00e7\u00e3o de tr\u00eas semestres e carga hor\u00e1ria de 1.200 horas, contando com aulas em formato virtual e encontros presencias obrigat\u00f3rios. No Polo Educacional Sesc, [&hellip;]<\/p>\n","protected":false},"author":12,"featured_media":0,"parent":0,"menu_order":0,"comment_status":"closed","ping_status":"closed","template":"","meta":{"_et_pb_use_builder":"on","_et_pb_old_content":"","_et_gb_content_width":"","footnotes":""},"class_list":["post-7535","page","type-page","status-publish","hentry"],"_links":{"self":[{"href":"https:\/\/www.sesc.com.br\/poloeducacional\/wp-json\/wp\/v2\/pages\/7535","targetHints":{"allow":["GET"]}}],"collection":[{"href":"https:\/\/www.sesc.com.br\/poloeducacional\/wp-json\/wp\/v2\/pages"}],"about":[{"href":"https:\/\/www.sesc.com.br\/poloeducacional\/wp-json\/wp\/v2\/types\/page"}],"author":[{"embeddable":true,"href":"https:\/\/www.sesc.com.br\/poloeducacional\/wp-json\/wp\/v2\/users\/12"}],"replies":[{"embeddable":true,"href":"https:\/\/www.sesc.com.br\/poloeducacional\/wp-json\/wp\/v2\/comments?post=7535"}],"version-history":[{"count":36,"href":"https:\/\/www.sesc.com.br\/poloeducacional\/wp-json\/wp\/v2\/pages\/7535\/revisions"}],"predecessor-version":[{"id":9461,"href":"https:\/\/www.sesc.com.br\/poloeducacional\/wp-json\/wp\/v2\/pages\/7535\/revisions\/9461"}],"wp:attachment":[{"href":"https:\/\/www.sesc.com.br\/poloeducacional\/wp-json\/wp\/v2\/media?parent=7535"}],"curies":[{"name":"wp","href":"https:\/\/api.w.org\/{rel}","templated":true}]}}