{"id":9138,"date":"2025-07-25T14:51:24","date_gmt":"2025-07-25T17:51:24","guid":{"rendered":"https:\/\/www.poloeducacionalsesc.com.br\/?page_id=9138"},"modified":"2025-07-25T15:46:33","modified_gmt":"2025-07-25T18:46:33","slug":"visita-guiada","status":"publish","type":"page","link":"https:\/\/www.sesc.com.br\/poloeducacional\/visita-guiada\/","title":{"rendered":"Visita Guiada"},"content":{"rendered":"<p>[et_pb_section fb_built=&#8221;1&#8243; fullwidth=&#8221;on&#8221; _builder_version=&#8221;4.20.2&#8243; _module_preset=&#8221;default&#8221; background_image=&#8221;https:\/\/www.poloeducacionalsesc.com.br\/wp-content\/uploads\/2022\/06\/20210525_161137.png&#8221; width=&#8221;100%&#8221; locked=&#8221;off&#8221; global_colors_info=&#8221;{}&#8221;][et_pb_fullwidth_header title=&#8221;Visita ao Polo Educacional Sesc&#8221; text_orientation=&#8221;right&#8221; button_one_url=&#8221;https:\/\/www.poloeducacionalsesc.com.br\/ensino-medio\/admissao&#8221; background_overlay_color=&#8221;rgba(0,0,0,0.4)&#8221; _builder_version=&#8221;4.27.4&#8243; _module_preset=&#8221;default&#8221; title_font=&#8221;|700|||||||&#8221; title_font_size=&#8221;50px&#8221; subhead_font=&#8221;|300|||||||&#8221; subhead_font_size=&#8221;24px&#8221; background_enable_color=&#8221;off&#8221; background_image=&#8221;https:\/\/www.poloeducacionalsesc.com.br\/wp-content\/uploads\/2024\/12\/20210525_161415-scaled-e1753465097675.jpg&#8221; background_position=&#8221;bottom_center&#8221; custom_button_one=&#8221;on&#8221; button_one_text_size=&#8221;16px&#8221; button_one_text_color=&#8221;#000000&#8243; button_one_bg_color=&#8221;#f6ba18&#8243; button_one_border_width=&#8221;0px&#8221; button_one_border_radius=&#8221;20px&#8221; width=&#8221;100%&#8221; module_alignment=&#8221;left&#8221; min_height=&#8221;300px&#8221; custom_margin=&#8221;2px||280px|||&#8221; custom_padding=&#8221;0px|||||&#8221; custom_css_main_element=&#8221;display: flex;&#8221; custom_css_header_container=&#8221;vertical-align: middle&#8221; border_width_top=&#8221;4px&#8221; border_color_top=&#8221;#f6ba18&#8243; border_width_bottom=&#8221;4px&#8221; border_color_bottom=&#8221;#f6ba18&#8243; global_colors_info=&#8221;{}&#8221;][\/et_pb_fullwidth_header][\/et_pb_section][et_pb_section fb_built=&#8221;1&#8243; _builder_version=&#8221;4.24.0&#8243; _module_preset=&#8221;default&#8221; min_height=&#8221;259.9px&#8221; custom_margin=&#8221;-238px|||||&#8221; custom_padding=&#8221;0px||53px|||&#8221; global_colors_info=&#8221;{}&#8221;][et_pb_row column_structure=&#8221;1_2,1_2&#8243; _builder_version=&#8221;4.27.4&#8243; _module_preset=&#8221;default&#8221; min_height=&#8221;436.9px&#8221; custom_margin=&#8221;16px|auto|-169px|auto||&#8221; custom_padding=&#8221;0px||158px|||&#8221; global_colors_info=&#8221;{}&#8221;][et_pb_column type=&#8221;1_2&#8243; _builder_version=&#8221;4.24.0&#8243; _module_preset=&#8221;default&#8221; global_colors_info=&#8221;{}&#8221;][et_pb_text _builder_version=&#8221;4.27.4&#8243; _module_preset=&#8221;default&#8221; text_font=&#8221;|300|||||||&#8221; header_font=&#8221;|800|||||||&#8221; header_text_color=&#8221;#004c99&#8243; header_font_size=&#8221;36px&#8221; min_height=&#8221;10.2px&#8221; custom_margin=&#8221;||2px|||&#8221; custom_padding=&#8221;0px|||||&#8221; custom_css_main_element=&#8221;vertical-align: middle;&#8221; locked=&#8221;off&#8221; global_colors_info=&#8221;{}&#8221;]<\/p>\n<h1>Conhecendo o Polo Educacional Sesc<\/h1>\n<p>Conhecendo o Polo Educacional Sesc \u00e9 o projeto de visita\u00e7\u00e3o guiada ao\u00a0<em>campus<\/em>\u00a0que tem como objetivo apresentar o ecossistema que promove diariamente integra\u00e7\u00e3o, interatividade, ensino de excel\u00eancia, media\u00e7\u00e3o e frui\u00e7\u00e3o art\u00edstico-cultural, por meio de programas e atividades no \u00e2mbito educacional e cultural.<\/p>\n<p>Na visita guiada os participantes percorrer\u00e3o os espa\u00e7os estrat\u00e9gicos do\u00a0<em>campus<\/em>, de 131 mil metros quadrados de terreno,\u00a0como o centro de forma\u00e7\u00e3o, audit\u00f3rio, espa\u00e7o cultural com um teatro refer\u00eancia, os laborat\u00f3rios, restaurante, complexo esportivo, espa\u00e7o\u00a0<em>maker<\/em>, biblioteca, e toda a proposta pedag\u00f3gica cultural desenvolvida no Polo Educacional Sesc.<\/p>\n<p>Os Polos de Refer\u00eancia do Sesc s\u00e3o espa\u00e7os de pesquisa, experimenta\u00e7\u00e3o, interc\u00e2mbio de saberes e inova\u00e7\u00e3o. Reiteram o compromisso do Sesc com o desenvolvimento social, ambiental, cultural e educacional do pa\u00eds. A a\u00e7\u00e3o dos polos de refer\u00eancia vai muito al\u00e9m de suas unidades. As atividades servem como modelos para atua\u00e7\u00e3o do Sesc em todo o pa\u00eds.<\/p>\n<p><span><\/span><\/p>\n<p><span><\/span><\/p>\n<p>[\/et_pb_text][et_pb_button button_url=&#8221;https:\/\/form.jotform.com\/contato_NSE\/visitaguiada&#8221; url_new_window=&#8221;on&#8221; button_text=&#8221;Formul\u00e1rio de Agendamento&#8221; _builder_version=&#8221;4.27.4&#8243; _module_preset=&#8221;default&#8221; global_colors_info=&#8221;{}&#8221;][\/et_pb_button][et_pb_text _builder_version=&#8221;4.27.4&#8243; _module_preset=&#8221;default&#8221; text_font=&#8221;|300|||||||&#8221; header_font=&#8221;|800|||||||&#8221; header_text_color=&#8221;#004c99&#8243; header_font_size=&#8221;36px&#8221; min_height=&#8221;10.2px&#8221; custom_margin=&#8221;||2px|||&#8221; custom_padding=&#8221;0px|||||&#8221; hover_enabled=&#8221;0&#8243; custom_css_main_element=&#8221;vertical-align: middle;&#8221; locked=&#8221;off&#8221; global_colors_info=&#8221;{}&#8221; sticky_enabled=&#8221;0&#8243;]<\/p>\n<h1>Visita de Egressos<\/h1>\n<p><span><\/span>O Programa de Visita ao Polo tamb\u00e9m est\u00e1 aberto aos nossos egressos. Ex-alunos que desejam revisitar os espa\u00e7os da escola e reencontrar mem\u00f3rias podem agendar sua visita e conhecer de perto as novidades e projetos que continuam transformando a nossa comunidade escolar.<\/p>\n<p><span><\/span><\/p>\n<p>[\/et_pb_text][et_pb_button button_url=&#8221;https:\/\/form.jotform.com\/contato_NSE\/visita-de-egresso&#8221; url_new_window=&#8221;on&#8221; button_text=&#8221;Formul\u00e1rio de Agendamento&#8221; _builder_version=&#8221;4.27.4&#8243; _module_preset=&#8221;default&#8221; global_colors_info=&#8221;{}&#8221;][\/et_pb_button][\/et_pb_column][et_pb_column type=&#8221;1_2&#8243; _builder_version=&#8221;4.24.0&#8243; _module_preset=&#8221;default&#8221; global_colors_info=&#8221;{}&#8221;][et_pb_image src=&#8221;https:\/\/www.poloeducacionalsesc.com.br\/wp-content\/uploads\/2025\/06\/WhatsApp-Image-2025-06-06-at-10.28.08-1.jpeg&#8221; title_text=&#8221;WhatsApp Image 2025-06-06 at 10.28.08 (1)&#8221; _builder_version=&#8221;4.27.4&#8243; _module_preset=&#8221;default&#8221; locked=&#8221;off&#8221; global_colors_info=&#8221;{}&#8221;][\/et_pb_image][et_pb_gallery gallery_ids=&#8221;9095,9094,9096,9097&#8243; fullwidth=&#8221;on&#8221; _builder_version=&#8221;4.27.4&#8243; _module_preset=&#8221;default&#8221; title_level=&#8221;h1&#8243; global_colors_info=&#8221;{}&#8221;][\/et_pb_gallery][\/et_pb_column][\/et_pb_row][\/et_pb_section]<\/p>\n","protected":false},"excerpt":{"rendered":"<p>Conhecendo o Polo Educacional Sesc Conhecendo o Polo Educacional Sesc \u00e9 o projeto de visita\u00e7\u00e3o guiada ao\u00a0campus\u00a0que tem como objetivo apresentar o ecossistema que promove diariamente integra\u00e7\u00e3o, interatividade, ensino de excel\u00eancia, media\u00e7\u00e3o e frui\u00e7\u00e3o art\u00edstico-cultural, por meio de programas e atividades no \u00e2mbito educacional e cultural. Na visita guiada os participantes percorrer\u00e3o os espa\u00e7os estrat\u00e9gicos [&hellip;]<\/p>\n","protected":false},"author":16,"featured_media":0,"parent":0,"menu_order":0,"comment_status":"closed","ping_status":"closed","template":"","meta":{"_et_pb_use_builder":"on","_et_pb_old_content":"","_et_gb_content_width":"","footnotes":""},"class_list":["post-9138","page","type-page","status-publish","hentry"],"_links":{"self":[{"href":"https:\/\/www.sesc.com.br\/poloeducacional\/wp-json\/wp\/v2\/pages\/9138","targetHints":{"allow":["GET"]}}],"collection":[{"href":"https:\/\/www.sesc.com.br\/poloeducacional\/wp-json\/wp\/v2\/pages"}],"about":[{"href":"https:\/\/www.sesc.com.br\/poloeducacional\/wp-json\/wp\/v2\/types\/page"}],"author":[{"embeddable":true,"href":"https:\/\/www.sesc.com.br\/poloeducacional\/wp-json\/wp\/v2\/users\/16"}],"replies":[{"embeddable":true,"href":"https:\/\/www.sesc.com.br\/poloeducacional\/wp-json\/wp\/v2\/comments?post=9138"}],"version-history":[{"count":10,"href":"https:\/\/www.sesc.com.br\/poloeducacional\/wp-json\/wp\/v2\/pages\/9138\/revisions"}],"predecessor-version":[{"id":9158,"href":"https:\/\/www.sesc.com.br\/poloeducacional\/wp-json\/wp\/v2\/pages\/9138\/revisions\/9158"}],"wp:attachment":[{"href":"https:\/\/www.sesc.com.br\/poloeducacional\/wp-json\/wp\/v2\/media?parent=9138"}],"curies":[{"name":"wp","href":"https:\/\/api.w.org\/{rel}","templated":true}]}}