{"id":9568,"date":"2026-03-16T09:55:31","date_gmt":"2026-03-16T12:55:31","guid":{"rendered":"https:\/\/www.poloeducacionalsesc.com.br\/?page_id=9568"},"modified":"2026-04-13T10:36:11","modified_gmt":"2026-04-13T13:36:11","slug":"audioevideo","status":"publish","type":"page","link":"https:\/\/www.sesc.com.br\/poloeducacional\/audioevideo\/","title":{"rendered":"Curso T\u00e9cnico em Produ\u00e7\u00e3o de \u00c1udio e V\u00eddeo"},"content":{"rendered":"<p>[et_pb_section fb_built=&#8221;1&#8243; fullwidth=&#8221;on&#8221; _builder_version=&#8221;4.27.6&#8243; _module_preset=&#8221;default&#8221; background_image=&#8221;https:\/\/www.poloeducacionalsesc.com.br\/wp-content\/uploads\/2022\/06\/Leitura-Encenada-site.png&#8221; width=&#8221;100%&#8221; global_colors_info=&#8221;{}&#8221;][et_pb_fullwidth_header title=&#8221;Curso T\u00e9cnico em Produ\u00e7\u00e3o de \u00c1udio e V\u00eddeo&#8221; text_orientation=&#8221;right&#8221; button_one_url=&#8221;https:\/\/www.poloeducacionalsesc.com.br\/ensino-medio\/admissao&#8221; background_overlay_color=&#8221;rgba(0,0,0,0.4)&#8221; _builder_version=&#8221;4.27.6&#8243; _module_preset=&#8221;default&#8221; title_font=&#8221;|700|||||||&#8221; title_font_size=&#8221;50px&#8221; subhead_font=&#8221;|300|||||||&#8221; subhead_font_size=&#8221;24px&#8221; background_enable_color=&#8221;off&#8221; background_image=&#8221;https:\/\/www.poloeducacionalsesc.com.br\/wp-content\/uploads\/2026\/03\/closeup-shot-of-an-illuminated-mixing-console-for-2026-01-07-23-49-55-utc-scaled.jpg&#8221; parallax=&#8221;on&#8221; custom_button_one=&#8221;on&#8221; button_one_text_size=&#8221;16px&#8221; button_one_text_color=&#8221;#000000&#8243; button_one_bg_color=&#8221;#f6ba18&#8243; button_one_border_width=&#8221;0px&#8221; button_one_border_radius=&#8221;20px&#8221; width=&#8221;100%&#8221; min_height=&#8221;298px&#8221; custom_css_main_element=&#8221;display: flex;&#8221; custom_css_header_container=&#8221;vertical-align: middle&#8221; border_width_top=&#8221;4px&#8221; border_color_top=&#8221;#f6ba18&#8243; border_width_bottom=&#8221;4px&#8221; border_color_bottom=&#8221;#f6ba18&#8243; global_colors_info=&#8221;{}&#8221;][\/et_pb_fullwidth_header][\/et_pb_section][et_pb_section fb_built=&#8221;1&#8243; _builder_version=&#8221;4.17.4&#8243; _module_preset=&#8221;default&#8221; min_height=&#8221;474.8px&#8221; custom_margin=&#8221;||-32px|||&#8221; custom_padding=&#8221;0px||0px|||&#8221; global_colors_info=&#8221;{}&#8221;][et_pb_row column_structure=&#8221;1_2,1_2&#8243; _builder_version=&#8221;4.20.4&#8243; _module_preset=&#8221;default&#8221; custom_margin=&#8221;|auto|38px|auto||&#8221; custom_padding=&#8221;||46px|||&#8221; global_colors_info=&#8221;{}&#8221;][et_pb_column type=&#8221;1_2&#8243; _builder_version=&#8221;4.20.4&#8243; _module_preset=&#8221;default&#8221; global_colors_info=&#8221;{}&#8221;][et_pb_image src=&#8221;https:\/\/www.poloeducacionalsesc.com.br\/wp-content\/uploads\/2026\/03\/professional-camera-setting-for-shooting-2026-03-24-07-26-18-utc-scaled.jpg&#8221; title_text=&#8221;Professional camera setting for shooting&#8221; align_last_edited=&#8221;off|desktop&#8221; _builder_version=&#8221;4.27.6&#8243; _module_preset=&#8221;default&#8221; transform_scale=&#8221;99%|99%&#8221; min_height=&#8221;100px&#8221; max_height=&#8221;1000px&#8221; custom_margin=&#8221;||28px|||&#8221; custom_padding=&#8221;0px||||false|false&#8221; global_colors_info=&#8221;{}&#8221;][\/et_pb_image][et_pb_image src=&#8221;https:\/\/www.poloeducacionalsesc.com.br\/wp-content\/uploads\/2026\/03\/close-up-shot-of-digital-video-editor-sitting-at-m-2026-01-08-02-12-58-utc-scaled.jpg&#8221; title_text=&#8221;Close up shot of digital video editor sitting at multi monitor workstation desk while working on movie footage.&#8221; _builder_version=&#8221;4.27.6&#8243; _module_preset=&#8221;default&#8221; global_colors_info=&#8221;{}&#8221;][\/et_pb_image][\/et_pb_column][et_pb_column type=&#8221;1_2&#8243; _builder_version=&#8221;4.20.4&#8243; _module_preset=&#8221;default&#8221; global_colors_info=&#8221;{}&#8221;][et_pb_text _builder_version=&#8221;4.27.6&#8243; _module_preset=&#8221;default&#8221; global_colors_info=&#8221;{}&#8221;]<\/p>\n<h2 data-start=\"160\" data-end=\"441\"><\/h2>\n<h2 data-start=\"160\" data-end=\"441\"><\/h2>\n<h2 data-start=\"160\" data-end=\"441\"><strong style=\"font-size: 26px;\"><span style=\"font-size: 26px;\">Protagonismo por tr\u00e1s da cena<\/span><\/strong><\/h2>\n<p data-start=\"160\" data-end=\"441\">\n<p data-start=\"160\" data-end=\"441\">O curso T\u00e9cnico em Produ\u00e7\u00e3o de \u00c1udio e V\u00eddeo prepara profissionais para atuarem nos bastidores que fazem tudo acontecer. Com dura\u00e7\u00e3o de 4 semestres e carga hor\u00e1ria total de 1.200 horas, a forma\u00e7\u00e3o \u00e9 gratuita e voltada para quem quer entrar no mercado audiovisual com dom\u00ednio t\u00e9cnico e vis\u00e3o de produ\u00e7\u00e3o.<\/p>\n<p data-start=\"443\" data-end=\"734\">Ao longo do curso, os estudantes aprendem a desenvolver e executar projetos completos \u2014 da ideia inicial \u00e0 finaliza\u00e7\u00e3o \u2014 passando por capta\u00e7\u00e3o, edi\u00e7\u00e3o de imagem e som, ilumina\u00e7\u00e3o, opera\u00e7\u00e3o de equipamentos e apoio \u00e0 dire\u00e7\u00e3o de arte e cenografia. Tudo isso com foco em diferentes formatos e plataformas.<\/p>\n<p data-start=\"736\" data-end=\"977\">A forma\u00e7\u00e3o tamb\u00e9m estimula o trabalho em equipe, conectando os participantes a profissionais de \u00e1reas como cinema, televis\u00e3o, r\u00e1dio, jornalismo, publicidade e entretenimento, al\u00e9m de fun\u00e7\u00f5es essenciais como dire\u00e7\u00e3o, cenografia, ilumina\u00e7\u00e3o e sonoriza\u00e7\u00e3o.<\/p>\n<p>Com salas dedicadas, est\u00fadios fotogr\u00e1ficos e de grava\u00e7\u00e3o de \u00e1udio e v\u00eddeo, os estudantes poder\u00e3o desenvolver suas potencialidades, aprendendo com quem faz. <span>Al\u00e9m disso, tamb\u00e9m ter\u00e3o a possibilidade de\u00a0<\/span>desenvolver e pilotar projetos inovadores no Hub Conecta Impacta<span>, que disp\u00f5e de metodologia pr\u00f3pria, equipe t\u00e9cnica especializada e infraestrutura equipada para a cria\u00e7\u00e3o de solu\u00e7\u00f5es inovadoras. <\/span>Com um corpo docente atuante no mercado de trabalho, s\u00e3o\u00a0abertas muitas possibilidades de aproveitamento profissional e networking.<\/p>\n<p>&nbsp;<\/p>\n<p>[\/et_pb_text][\/et_pb_column][\/et_pb_row][\/et_pb_section][et_pb_section fb_built=&#8221;1&#8243; prev_background_color=&#8221;#ffffff&#8221; _builder_version=&#8221;4.27.6&#8243; _module_preset=&#8221;default&#8221; background_color=&#8221;#FFFFFF&#8221; min_height=&#8221;415.3px&#8221; custom_margin=&#8221;40px|||||&#8221; custom_padding=&#8221;18px||0px|||&#8221; top_divider_style=&#8221;arrow&#8221; global_colors_info=&#8221;{}&#8221;][et_pb_row column_structure=&#8221;1_2,1_2&#8243; _builder_version=&#8221;4.25.1&#8243; _module_preset=&#8221;default&#8221; min_height=&#8221;303.4px&#8221; custom_margin=&#8221;-6px|auto|42px|auto||&#8221; custom_padding=&#8221;12px||0px|||&#8221; global_colors_info=&#8221;{}&#8221;][et_pb_column type=&#8221;1_2&#8243; _builder_version=&#8221;4.20.2&#8243; _module_preset=&#8221;default&#8221; global_colors_info=&#8221;{}&#8221;][et_pb_text _builder_version=&#8221;4.24.2&#8243; _module_preset=&#8221;default&#8221; text_font=&#8221;|300|||||||&#8221; header_font=&#8221;|800|||||||&#8221; header_text_color=&#8221;#004c99&#8243; header_font_size=&#8221;36px&#8221; custom_margin=&#8221;||16px|||&#8221; custom_css_main_element=&#8221;vertical-align: middle;&#8221; global_colors_info=&#8221;{}&#8221;]<\/p>\n<h1>Inscri\u00e7\u00f5es 2026.2027<\/h1>\n<p>&nbsp;<\/p>\n<div>\n<p>Interessados em participar do processo seletivo das turmas do segundo semestre de 2026 e primeiro semestre de 2027 poder\u00e3o se inscrever no per\u00edodo de <strong>13 de abril a 1 de maio<\/strong>. Podem concorrer candidatos com idade a partir de 18 anos, que tenham conhecimento em pr\u00e9vio na \u00e1rea de audiovisual e ensino m\u00e9dio completo. Acesse o edital para mais informa\u00e7\u00f5es.<\/p>\n<p>&nbsp;<\/p>\n<\/div>\n<p>[\/et_pb_text][\/et_pb_column][et_pb_column type=&#8221;1_2&#8243; _builder_version=&#8221;4.20.2&#8243; _module_preset=&#8221;default&#8221; global_colors_info=&#8221;{}&#8221;][et_pb_button button_url=&#8221;https:\/\/www.poloeducacionalsesc.com.br\/wp-content\/uploads\/2026\/04\/Edital-Curso-Tecnico-em-Producao-de-audio-e-Video_2026_Novo-Cronograma-1.pdf&#8221; url_new_window=&#8221;on&#8221; button_text=&#8221;Edital&#8221; button_alignment=&#8221;left&#8221; _builder_version=&#8221;4.27.6&#8243; _module_preset=&#8221;default&#8221; custom_button=&#8221;on&#8221; button_text_size=&#8221;20px&#8221; button_text_color=&#8221;#FFFFFF&#8221; button_bg_color=&#8221;#0C71C3&#8243; button_border_width=&#8221;2px&#8221; button_border_color=&#8221;#004c99&#8243; button_border_radius=&#8221;19px&#8221; button_font=&#8221;|800|||||||&#8221; button_icon=&#8221;&#x35;||divi||400&#8243; button_icon_color=&#8221;#FFFFFF&#8221; button_icon_placement=&#8221;left&#8221; button_on_hover=&#8221;off&#8221; custom_margin=&#8221;29px||10px|||&#8221; custom_css_main_element=&#8221;width:auto;&#8221; global_colors_info=&#8221;{}&#8221; button_text_color__hover_enabled=&#8221;on|desktop&#8221; button_text_color__hover=&#8221;#004c99&#8243;][\/et_pb_button][et_pb_button button_url=&#8221;https:\/\/servicosocial188807.rm.cloudtotvs.com.br\/FrameHTML\/Web\/App\/Edu\/PortalProcessoSeletivo?c=1&#038;f=3&#038;ct=6&#038;ps=14#\/es\/informacoes&#8221; url_new_window=&#8221;on&#8221; button_text=&#8221;Inscri\u00e7\u00f5es abertas&#8221; button_alignment=&#8221;left&#8221; _builder_version=&#8221;4.27.6&#8243; _module_preset=&#8221;default&#8221; custom_button=&#8221;on&#8221; button_text_size=&#8221;20px&#8221; button_text_color=&#8221;#FFFFFF&#8221; button_bg_color=&#8221;#0C71C3&#8243; button_border_width=&#8221;2px&#8221; button_border_color=&#8221;#004c99&#8243; button_border_radius=&#8221;19px&#8221; button_font=&#8221;|800|||||||&#8221; button_icon=&#8221;&#x35;||divi||400&#8243; button_icon_color=&#8221;#FFFFFF&#8221; button_icon_placement=&#8221;left&#8221; button_on_hover=&#8221;off&#8221; custom_margin=&#8221;13px||10px|||&#8221; custom_css_main_element=&#8221;width:auto;&#8221; global_colors_info=&#8221;{}&#8221; button_text_color__hover_enabled=&#8221;on|desktop&#8221; button_text_color__hover=&#8221;#004c99&#8243;][\/et_pb_button][\/et_pb_column][\/et_pb_row][\/et_pb_section]<\/p>\n","protected":false},"excerpt":{"rendered":"<p>Protagonismo por tr\u00e1s da cena O curso T\u00e9cnico em Produ\u00e7\u00e3o de \u00c1udio e V\u00eddeo prepara profissionais para atuarem nos bastidores que fazem tudo acontecer. Com dura\u00e7\u00e3o de 4 semestres e carga hor\u00e1ria total de 1.200 horas, a forma\u00e7\u00e3o \u00e9 gratuita e voltada para quem quer entrar no mercado audiovisual com dom\u00ednio t\u00e9cnico e vis\u00e3o de [&hellip;]<\/p>\n","protected":false},"author":16,"featured_media":0,"parent":0,"menu_order":0,"comment_status":"closed","ping_status":"closed","template":"","meta":{"_et_pb_use_builder":"on","_et_pb_old_content":"","_et_gb_content_width":"","footnotes":""},"class_list":["post-9568","page","type-page","status-publish","hentry"],"_links":{"self":[{"href":"https:\/\/www.sesc.com.br\/poloeducacional\/wp-json\/wp\/v2\/pages\/9568","targetHints":{"allow":["GET"]}}],"collection":[{"href":"https:\/\/www.sesc.com.br\/poloeducacional\/wp-json\/wp\/v2\/pages"}],"about":[{"href":"https:\/\/www.sesc.com.br\/poloeducacional\/wp-json\/wp\/v2\/types\/page"}],"author":[{"embeddable":true,"href":"https:\/\/www.sesc.com.br\/poloeducacional\/wp-json\/wp\/v2\/users\/16"}],"replies":[{"embeddable":true,"href":"https:\/\/www.sesc.com.br\/poloeducacional\/wp-json\/wp\/v2\/comments?post=9568"}],"version-history":[{"count":21,"href":"https:\/\/www.sesc.com.br\/poloeducacional\/wp-json\/wp\/v2\/pages\/9568\/revisions"}],"predecessor-version":[{"id":9692,"href":"https:\/\/www.sesc.com.br\/poloeducacional\/wp-json\/wp\/v2\/pages\/9568\/revisions\/9692"}],"wp:attachment":[{"href":"https:\/\/www.sesc.com.br\/poloeducacional\/wp-json\/wp\/v2\/media?parent=9568"}],"curies":[{"name":"wp","href":"https:\/\/api.w.org\/{rel}","templated":true}]}}