{"id":2385,"date":"2026-03-09T10:33:07","date_gmt":"2026-03-09T13:33:07","guid":{"rendered":"https:\/\/homol-psa.sesc.com.br\/?page_id=2385"},"modified":"2026-05-07T08:17:00","modified_gmt":"2026-05-07T11:17:00","slug":"departamento-nacional-do-sesc","status":"publish","type":"page","link":"https:\/\/www.sesc.com.br\/sescpantanal\/departamento-nacional-do-sesc\/","title":{"rendered":"Departamento Nacional do Sesc"},"content":{"rendered":"<p>[et_pb_section fb_built=&#8221;1&#8243; _builder_version=&#8221;4.27.4&#8243; _module_preset=&#8221;default&#8221; min_height=&#8221;324px&#8221; custom_padding=&#8221;3px||0px|||&#8221; global_colors_info=&#8221;{}&#8221;][et_pb_row _builder_version=&#8221;4.27.4&#8243; _module_preset=&#8221;default&#8221; min_height=&#8221;260px&#8221; custom_margin=&#8221;-3px|auto||auto||&#8221; custom_padding=&#8221;3px||2px||false|false&#8221; global_colors_info=&#8221;{}&#8221;][et_pb_column type=&#8221;4_4&#8243; _builder_version=&#8221;4.27.4&#8243; _module_preset=&#8221;default&#8221; global_colors_info=&#8221;{}&#8221;][et_pb_nextend_smart_slider_3 slider=&#8221;31&#8243; module_id=&#8221;topo-titulo&#8221; _builder_version=&#8221;4.27.4&#8243; _module_preset=&#8221;default&#8221; custom_css_free_form=&#8221;selector{||  margin-top:28px;||}&#8221; global_colors_info=&#8221;{}&#8221;][\/et_pb_nextend_smart_slider_3][\/et_pb_column][\/et_pb_row][\/et_pb_section][et_pb_section fb_built=&#8221;1&#8243; _builder_version=&#8221;4.27.4&#8243; _module_preset=&#8221;default&#8221; custom_margin=&#8221;-4px||0px|0px|false|false&#8221; custom_padding=&#8221;0px||0px||false|false&#8221; locked=&#8221;off&#8221; global_colors_info=&#8221;{}&#8221;][et_pb_row column_structure=&#8221;2_3,1_3&#8243; use_custom_gutter=&#8221;on&#8221; gutter_width=&#8221;1&#8243; _builder_version=&#8221;4.27.4&#8243; _module_preset=&#8221;default&#8221; custom_padding=&#8221;11px||11px||false|false&#8221; border_radii=&#8221;on|1px|1px|1px|1px&#8221; border_width_bottom=&#8221;1px&#8221; border_color_bottom=&#8221;#e9e9e9&#8243; global_colors_info=&#8221;{}&#8221;][et_pb_column type=&#8221;2_3&#8243; _builder_version=&#8221;4.27.4&#8243; _module_preset=&#8221;default&#8221; global_colors_info=&#8221;{}&#8221;][lwp_divi_breadcrumbs home_text=&#8221;In\u00edcio&#8221; font_icon=&#8221;&#x35;||divi||400&#8243; use_before_icon=&#8221;off&#8221; use_custom_home_link=&#8221;off&#8221; link_color=&#8221;#004c99&#8243; separator_color=&#8221;#004c99&#8243; current_text_color=&#8221;#3a3a39&#8243; _builder_version=&#8221;4.27.4&#8243; _module_preset=&#8221;default&#8221; module_font_size=&#8221;14px&#8221; custom_padding=&#8221;0px||0px||false|false&#8221; global_colors_info=&#8221;{}&#8221;][\/lwp_divi_breadcrumbs][\/et_pb_column][et_pb_column type=&#8221;1_3&#8243; _builder_version=&#8221;4.27.4&#8243; _module_preset=&#8221;default&#8221; global_colors_info=&#8221;{}&#8221;][et_pb_code _builder_version=&#8221;4.27.4&#8243; _module_preset=&#8221;default&#8221; text_orientation=&#8221;right&#8221; module_alignment=&#8221;right&#8221; custom_padding=&#8221;|||30%|false|false&#8221; global_colors_info=&#8221;{}&#8221;]    <div class=\"compartilhar\">\r\n                    <span class=\"compartilhar__label\">Compartilhar:<\/span>\r\n                <div class=\"compartilhar__icons\">\r\n                                                                <a class=\"compartilhar__link compartilhar__link--whatsapp\" href=\"https:\/\/wa.me\/?text=Departamento%20Nacional%20do%20Sesc%20https%3A%2F%2Fwww.sesc.com.br%2Fsescpantanal%2Fdepartamento-nacional-do-sesc%2F\" target=\"_blank\" rel=\"noopener\">\r\n                        <span class=\"compartilhar__icon\"><svg viewBox=\"0 0 24 24\" aria-hidden=\"true\"><path d=\"M20.52 3.49A11.9 11.9 0 0 0 12.07 0C5.56 0 .28 5.24.28 11.7c0 2.07.55 4.09 1.6 5.87L0 24l6.6-1.73a11.7 11.7 0 0 0 5.48 1.39h.01c6.5 0 11.8-5.24 11.8-11.7 0-3.12-1.22-6.06-3.37-8.17ZM12.09 21.3h-.01a9.6 9.6 0 0 1-4.91-1.35l-.35-.21-3.92 1.03 1.05-3.8-.23-.38a9.55 9.55 0 0 1-1.47-5.1c0-5.3 4.37-9.62 9.75-9.62 2.61 0 5.06 1 6.89 2.82a9.53 9.53 0 0 1 2.86 6.79c0 5.3-4.37 9.62-9.66 9.82Zm5.56-7.42c-.3-.15-1.78-.88-2.05-.98-.28-.1-.48-.15-.68.15-.2.3-.78.98-.96 1.18-.18.2-.36.22-.66.07-.3-.15-1.28-.47-2.44-1.5-.9-.8-1.5-1.78-1.68-2.08-.18-.3-.02-.46.13-.6.14-.14.3-.36.45-.54.15-.18.2-.3.3-.5.1-.2.05-.37-.03-.52-.08-.15-.68-1.64-.93-2.24-.25-.6-.5-.52-.68-.53h-.58c-.2 0-.52.08-.8.38-.28.3-1.05 1.02-1.05 2.48 0 1.46 1.08 2.87 1.23 3.07.15.2 2.12 3.24 5.14 4.54.72.31 1.27.5 1.7.64.71.22 1.36.19 1.87.12.57-.08 1.78-.73 2.04-1.44.25-.7.25-1.3.18-1.44-.07-.14-.27-.22-.57-.37Z\"\/><\/svg><\/span>\r\n                        <span class=\"screen-reader-text\">WhatsApp<\/span>\r\n                    <\/a>\r\n                                                                                <a class=\"compartilhar__link compartilhar__link--email\" href=\"mailto:?subject=Departamento%20Nacional%20do%20Sesc&#038;body=https%3A%2F%2Fwww.sesc.com.br%2Fsescpantanal%2Fdepartamento-nacional-do-sesc%2F\" target=\"_blank\" rel=\"noopener\">\r\n                        <span class=\"compartilhar__icon\"><svg viewBox=\"0 0 24 24\" aria-hidden=\"true\"><path d=\"M3.5 5h17c1.1 0 2 .9 2 2v10c0 1.1-.9 2-2 2h-17c-1.1 0-2-.9-2-2V7c0-1.1.9-2 2-2Zm0 2v.01l8.5 5.24L20.5 7V7H3.5Zm0 10h17V9.2l-8.1 5a1 1 0 0 1-1.1 0l-7.8-4.8V17Z\"\/><\/svg><\/span>\r\n                        <span class=\"screen-reader-text\">Email<\/span>\r\n                    <\/a>\r\n                                                                                <a class=\"compartilhar__link compartilhar__link--facebook\" href=\"https:\/\/www.facebook.com\/sharer\/sharer.php?u=https%3A%2F%2Fwww.sesc.com.br%2Fsescpantanal%2Fdepartamento-nacional-do-sesc%2F\" target=\"_blank\" rel=\"noopener\">\r\n                        <span class=\"compartilhar__icon\"><svg viewBox=\"0 0 24 24\" aria-hidden=\"true\"><path d=\"M13.5 8.5V7c0-.7.6-1.3 1.3-1.3H16V3h-1.8C11.9 3 10 4.9 10 7.2v1.3H8v3h2v9h3v-9h2.2l.3-3H13.5Z\"\/><\/svg><\/span>\r\n                        <span class=\"screen-reader-text\">Facebook<\/span>\r\n                    <\/a>\r\n                                                                                <a class=\"compartilhar__link compartilhar__link--linkedin\" href=\"https:\/\/www.linkedin.com\/sharing\/share-offsite\/?url=https%3A%2F%2Fwww.sesc.com.br%2Fsescpantanal%2Fdepartamento-nacional-do-sesc%2F\" target=\"_blank\" rel=\"noopener\">\r\n                        <span class=\"compartilhar__icon\"><svg viewBox=\"0 0 24 24\" aria-hidden=\"true\"><path d=\"M4.3 3.5a2 2 0 1 1 0 4 2 2 0 0 1 0-4ZM3 9h2.6v12H3V9Zm6.5 0h2.5v1.7h.04c.35-.66 1.2-1.4 2.47-1.4 2.64 0 3.13 1.7 3.13 3.92V21h-2.6v-6.3c0-1.5-.02-3.43-2.1-3.43-2.1 0-2.43 1.64-2.43 3.32V21H9.5V9Z\"\/><\/svg><\/span>\r\n                        <span class=\"screen-reader-text\">LinkedIn<\/span>\r\n                    <\/a>\r\n                                                                                <button type=\"button\" class=\"compartilhar__link compartilhar__link--link\" data-compartilhar-copy=\"https:\/\/www.sesc.com.br\/sescpantanal\/departamento-nacional-do-sesc\/\" aria-label=\"Link\">\r\n                        <span class=\"compartilhar__icon\"><svg viewBox=\"0 0 24 24\" aria-hidden=\"true\"><path d=\"M10.6 13.4a1 1 0 0 1 0-1.4l3.2-3.2a3 3 0 0 1 4.2 4.2l-2.1 2.1a1 1 0 1 1-1.4-1.4l2.1-2.1a1 1 0 0 0-1.4-1.4L12 13.4a1 1 0 0 1-1.4 0Zm2.8-2.8a1 1 0 0 1 0 1.4l-3.2 3.2a3 3 0 1 1-4.2-4.2l2.1-2.1a1 1 0 1 1 1.4 1.4L7.4 12a1 1 0 0 0 1.4 1.4L12 10.6a1 1 0 0 1 1.4 0Z\"\/><\/svg><\/span>\r\n                        <span class=\"screen-reader-text\">Link<\/span>\r\n                        <span class=\"compartilhar__copied\" aria-hidden=\"true\">Copiado<\/span>\r\n                    <\/button>\r\n                                    <\/div>\r\n    <\/div>\r\n            <script>\r\n            (function () {\r\n                if (!navigator.clipboard) {\r\n                    return;\r\n                }\r\n                document.addEventListener('click', function (event) {\r\n                    var button = event.target.closest('[data-compartilhar-copy]');\r\n                    if (!button) {\r\n                        return;\r\n                    }\r\n                    var text = button.getAttribute('data-compartilhar-copy');\r\n                    if (!text) {\r\n                        return;\r\n                    }\r\n                    event.preventDefault();\r\n                    navigator.clipboard.writeText(text).then(function () {\r\n                        button.classList.add('is-copied');\r\n                        setTimeout(function () {\r\n                            button.classList.remove('is-copied');\r\n                        }, 1500);\r\n                    });\r\n                });\r\n            })();\r\n        <\/script>\r\n                [\/et_pb_code][\/et_pb_column][\/et_pb_row][\/et_pb_section][et_pb_section fb_built=&#8221;1&#8243; _builder_version=&#8221;4.27.4&#8243; _module_preset=&#8221;default&#8221; min_height=&#8221;470.3px&#8221; custom_margin=&#8221;0px||||false|false&#8221; global_colors_info=&#8221;{}&#8221;][et_pb_row column_structure=&#8221;1_2,1_2&#8243; _builder_version=&#8221;4.27.4&#8243; _module_preset=&#8221;default&#8221; global_colors_info=&#8221;{}&#8221;][et_pb_column type=&#8221;1_2&#8243; _builder_version=&#8221;4.27.4&#8243; _module_preset=&#8221;default&#8221; global_colors_info=&#8221;{}&#8221;][et_pb_text _builder_version=&#8221;4.27.4&#8243; _module_preset=&#8221;default&#8221; global_colors_info=&#8221;{}&#8221;]<\/p>\n<p>O Departamento Nacional (DN) \u00e9 o \u00f3rg\u00e3o executivo da Administra\u00e7\u00e3o Nacional do Sesc. Ele elabora, coordena e monitora os projetos desenvolvidos nas unidades do Sesc, em suas diversas \u00e1reas de atua\u00e7\u00e3o. Como forma de alinhar estrat\u00e9gias nacionais e regionais, o DN realiza treinamentos e promove cursos de capacita\u00e7\u00e3o para profissionais da institui\u00e7\u00e3o em todo o pa\u00eds. Cabe ainda a esse \u00f3rg\u00e3o prestar assist\u00eancia t\u00e9cnica sistem\u00e1tica aos Departamentos Regionais, de modo a garantir a efici\u00eancia e a uniformidade de a\u00e7\u00f5es.<\/p>\n<p>O DN \u00e9 composto pela Sede, localizada na cidade do Rio de Janeiro, e por tr\u00eas Polos de Refer\u00eancia: o Polo Educacional Sesc, o Polo Sociocultural Sesc Paraty e o Polo Socioambiental Sesc Pantanal.<\/p>\n<p>[\/et_pb_text][\/et_pb_column][et_pb_column type=&#8221;1_2&#8243; _builder_version=&#8221;4.27.4&#8243; _module_preset=&#8221;default&#8221; global_colors_info=&#8221;{}&#8221;][et_pb_image src=&#8221;https:\/\/www.sesc.com.br\/sescpantanal\/wp-content\/uploads\/2026\/03\/departamento-nacional-2-.jpeg&#8221; title_text=&#8221;departamento-nacional-2-&#8221; _builder_version=&#8221;4.27.4&#8243; _module_preset=&#8221;default&#8221; border_radii=&#8221;on|10px|10px|10px|10px&#8221; global_colors_info=&#8221;{}&#8221;][\/et_pb_image][\/et_pb_column][\/et_pb_row][\/et_pb_section]<\/p>\n","protected":false},"excerpt":{"rendered":"<p><div class=\"et_pb_module lwp_divi_breadcrumbs lwp_divi_breadcrumbs_0\">\r\n\t\t\t\t\r\n\t\t\t\t\r\n\t\t\t\t\r\n\t\t\t\t\r\n\t\t\t\t\r\n\t\t\t\t\r\n\t\t\t\t<div class=\"et_pb_module_inner\">\r\n\t\t\t\t\t<div class=\"lwp-breadcrumbs\"> <span class=\"before\"><\/span> <span vocab=\"https:\/\/schema.org\/\" typeof=\"BreadcrumbList\"><span property=\"itemListElement\" typeof=\"ListItem\"><a property=\"item\" typeof=\"WebPage\" href=\"https:\/\/www.sesc.com.br\/sescpantanal\/\" class=\"home\"><span property=\"name\">In\u00edcio<\/span><\/a><meta property=\"position\" content=\"1\"><\/span> <span class=\"separator et-pb-icon\">5<\/span> <\/span><\/div>\r\n\t\t\t\t<\/div>\r\n\t\t\t<\/div>    <div class=\"compartilhar\">\r\n                    <span class=\"compartilhar__label\">Compartilhar:<\/span>\r\n                <div class=\"compartilhar__icons\">\r\n                                                                <a class=\"compartilhar__link compartilhar__link--whatsapp\" href=\"https:\/\/wa.me\/?text=Departamento%20Nacional%20do%20Sesc%20https%3A%2F%2Fwww.sesc.com.br%2Fsescpantanal%2Fdepartamento-nacional-do-sesc%2F\" target=\"_blank\" rel=\"noopener\">\r\n                        <span class=\"compartilhar__icon\"><svg viewBox=\"0 0 24 24\" aria-hidden=\"true\"><path d=\"M20.52 3.49A11.9 11.9 0 0 0 12.07 0C5.56 0 .28 5.24.28 11.7c0 2.07.55 4.09 1.6 5.87L0 24l6.6-1.73a11.7 11.7 0 0 0 5.48 1.39h.01c6.5 0 11.8-5.24 11.8-11.7 0-3.12-1.22-6.06-3.37-8.17ZM12.09 21.3h-.01a9.6 9.6 0 0 1-4.91-1.35l-.35-.21-3.92 1.03 1.05-3.8-.23-.38a9.55 9.55 0 0 1-1.47-5.1c0-5.3 4.37-9.62 9.75-9.62 2.61 0 5.06 1 6.89 2.82a9.53 9.53 0 0 1 2.86 6.79c0 5.3-4.37 9.62-9.66 9.82Zm5.56-7.42c-.3-.15-1.78-.88-2.05-.98-.28-.1-.48-.15-.68.15-.2.3-.78.98-.96 1.18-.18.2-.36.22-.66.07-.3-.15-1.28-.47-2.44-1.5-.9-.8-1.5-1.78-1.68-2.08-.18-.3-.02-.46.13-.6.14-.14.3-.36.45-.54.15-.18.2-.3.3-.5.1-.2.05-.37-.03-.52-.08-.15-.68-1.64-.93-2.24-.25-.6-.5-.52-.68-.53h-.58c-.2 0-.52.08-.8.38-.28.3-1.05 1.02-1.05 2.48 0 1.46 1.08 2.87 1.23 3.07.15.2 2.12 3.24 5.14 4.54.72.31 1.27.5 1.7.64.71.22 1.36.19 1.87.12.57-.08 1.78-.73 2.04-1.44.25-.7.25-1.3.18-1.44-.07-.14-.27-.22-.57-.37Z\"\/><\/svg><\/span>\r\n                        <span class=\"screen-reader-text\">WhatsApp<\/span>\r\n                    <\/a>\r\n                                                                                <a class=\"compartilhar__link compartilhar__link--email\" href=\"mailto:?subject=Departamento%20Nacional%20do%20Sesc&#038;body=https%3A%2F%2Fwww.sesc.com.br%2Fsescpantanal%2Fdepartamento-nacional-do-sesc%2F\" target=\"_blank\" rel=\"noopener\">\r\n                        <span class=\"compartilhar__icon\"><svg viewBox=\"0 0 24 24\" aria-hidden=\"true\"><path d=\"M3.5 5h17c1.1 0 2 .9 2 2v10c0 1.1-.9 2-2 2h-17c-1.1 0-2-.9-2-2V7c0-1.1.9-2 2-2Zm0 2v.01l8.5 5.24L20.5 7V7H3.5Zm0 10h17V9.2l-8.1 5a1 1 0 0 1-1.1 0l-7.8-4.8V17Z\"\/><\/svg><\/span>\r\n                        <span class=\"screen-reader-text\">Email<\/span>\r\n                    <\/a>\r\n                                                                                <a class=\"compartilhar__link compartilhar__link--facebook\" href=\"https:\/\/www.facebook.com\/sharer\/sharer.php?u=https%3A%2F%2Fwww.sesc.com.br%2Fsescpantanal%2Fdepartamento-nacional-do-sesc%2F\" target=\"_blank\" rel=\"noopener\">\r\n                        <span class=\"compartilhar__icon\"><svg viewBox=\"0 0 24 24\" aria-hidden=\"true\"><path d=\"M13.5 8.5V7c0-.7.6-1.3 1.3-1.3H16V3h-1.8C11.9 3 10 4.9 10 7.2v1.3H8v3h2v9h3v-9h2.2l.3-3H13.5Z\"\/><\/svg><\/span>\r\n                        <span class=\"screen-reader-text\">Facebook<\/span>\r\n                    <\/a>\r\n                                                                                <a class=\"compartilhar__link compartilhar__link--linkedin\" href=\"https:\/\/www.linkedin.com\/sharing\/share-offsite\/?url=https%3A%2F%2Fwww.sesc.com.br%2Fsescpantanal%2Fdepartamento-nacional-do-sesc%2F\" target=\"_blank\" rel=\"noopener\">\r\n                        <span class=\"compartilhar__icon\"><svg viewBox=\"0 0 24 24\" aria-hidden=\"true\"><path d=\"M4.3 3.5a2 2 0 1 1 0 4 2 2 0 0 1 0-4ZM3 9h2.6v12H3V9Zm6.5 0h2.5v1.7h.04c.35-.66 1.2-1.4 2.47-1.4 2.64 0 3.13 1.7 3.13 3.92V21h-2.6v-6.3c0-1.5-.02-3.43-2.1-3.43-2.1 0-2.43 1.64-2.43 3.32V21H9.5V9Z\"\/><\/svg><\/span>\r\n                        <span class=\"screen-reader-text\">LinkedIn<\/span>\r\n                    <\/a>\r\n                                                                                <button type=\"button\" class=\"compartilhar__link compartilhar__link--link\" data-compartilhar-copy=\"https:\/\/www.sesc.com.br\/sescpantanal\/departamento-nacional-do-sesc\/\" aria-label=\"Link\">\r\n                        <span class=\"compartilhar__icon\"><svg viewBox=\"0 0 24 24\" aria-hidden=\"true\"><path d=\"M10.6 13.4a1 1 0 0 1 0-1.4l3.2-3.2a3 3 0 0 1 4.2 4.2l-2.1 2.1a1 1 0 1 1-1.4-1.4l2.1-2.1a1 1 0 0 0-1.4-1.4L12 13.4a1 1 0 0 1-1.4 0Zm2.8-2.8a1 1 0 0 1 0 1.4l-3.2 3.2a3 3 0 1 1-4.2-4.2l2.1-2.1a1 1 0 1 1 1.4 1.4L7.4 12a1 1 0 0 0 1.4 1.4L12 10.6a1 1 0 0 1 1.4 0Z\"\/><\/svg><\/span>\r\n                        <span class=\"screen-reader-text\">Link<\/span>\r\n                        <span class=\"compartilhar__copied\" aria-hidden=\"true\">Copiado<\/span>\r\n                    <\/button>\r\n                                    <\/div>\r\n    <\/div>\r\n        O Departamento Nacional (DN) \u00e9 o \u00f3rg\u00e3o executivo da Administra\u00e7\u00e3o Nacional do Sesc. Ele elabora, coordena e monitora os projetos desenvolvidos nas unidades do Sesc, em suas diversas \u00e1reas de atua\u00e7\u00e3o. Como forma de alinhar estrat\u00e9gias nacionais e regionais, o DN [&hellip;]<\/p>\n","protected":false},"author":1,"featured_media":0,"parent":0,"menu_order":0,"comment_status":"closed","ping_status":"closed","template":"","meta":{"_acf_changed":false,"_et_pb_use_builder":"on","_et_pb_old_content":"","_et_gb_content_width":"","footnotes":""},"class_list":["post-2385","page","type-page","status-publish","hentry"],"acf":[],"_links":{"self":[{"href":"https:\/\/www.sesc.com.br\/sescpantanal\/wp-json\/wp\/v2\/pages\/2385","targetHints":{"allow":["GET"]}}],"collection":[{"href":"https:\/\/www.sesc.com.br\/sescpantanal\/wp-json\/wp\/v2\/pages"}],"about":[{"href":"https:\/\/www.sesc.com.br\/sescpantanal\/wp-json\/wp\/v2\/types\/page"}],"author":[{"embeddable":true,"href":"https:\/\/www.sesc.com.br\/sescpantanal\/wp-json\/wp\/v2\/users\/1"}],"replies":[{"embeddable":true,"href":"https:\/\/www.sesc.com.br\/sescpantanal\/wp-json\/wp\/v2\/comments?post=2385"}],"version-history":[{"count":5,"href":"https:\/\/www.sesc.com.br\/sescpantanal\/wp-json\/wp\/v2\/pages\/2385\/revisions"}],"predecessor-version":[{"id":5258,"href":"https:\/\/www.sesc.com.br\/sescpantanal\/wp-json\/wp\/v2\/pages\/2385\/revisions\/5258"}],"wp:attachment":[{"href":"https:\/\/www.sesc.com.br\/sescpantanal\/wp-json\/wp\/v2\/media?parent=2385"}],"curies":[{"name":"wp","href":"https:\/\/api.w.org\/{rel}","templated":true}]}}