{"id":5062,"date":"2026-03-23T12:13:08","date_gmt":"2026-03-23T15:13:08","guid":{"rendered":"https:\/\/homol-psa.sesc.com.br\/?page_id=5062"},"modified":"2026-05-07T08:16:04","modified_gmt":"2026-05-07T11:16:04","slug":"cadastro-de-fornecedor","status":"publish","type":"page","link":"https:\/\/www.sesc.com.br\/sescpantanal\/cadastro-de-fornecedor\/","title":{"rendered":"Cadastro de Fornecedor"},"content":{"rendered":"[et_pb_section fb_built=&#8221;1&#8243; _builder_version=&#8221;4.27.4&#8243; _module_preset=&#8221;default&#8221; custom_padding=&#8221;||23px|||&#8221; global_colors_info=&#8221;{}&#8221;][et_pb_row _builder_version=&#8221;4.27.4&#8243; _module_preset=&#8221;default&#8221; global_colors_info=&#8221;{}&#8221;][et_pb_column type=&#8221;4_4&#8243; _builder_version=&#8221;4.27.4&#8243; _module_preset=&#8221;default&#8221; global_colors_info=&#8221;{}&#8221;][et_pb_nextend_smart_slider_3 slider=&#8221;35&#8243; _builder_version=&#8221;4.27.4&#8243; _module_preset=&#8221;default&#8221; global_colors_info=&#8221;{}&#8221;][\/et_pb_nextend_smart_slider_3][\/et_pb_column][\/et_pb_row][\/et_pb_section][et_pb_section fb_built=&#8221;1&#8243; admin_label=&#8221;section&#8221; _builder_version=&#8221;4.16&#8243; custom_padding=&#8221;2px|||||&#8221; global_colors_info=&#8221;{}&#8221;][et_pb_row admin_label=&#8221;row&#8221; _builder_version=&#8221;4.16&#8243; background_size=&#8221;initial&#8221; background_position=&#8221;top_left&#8221; background_repeat=&#8221;repeat&#8221; global_colors_info=&#8221;{}&#8221;][et_pb_column type=&#8221;4_4&#8243; _builder_version=&#8221;4.16&#8243; custom_padding=&#8221;|||&#8221; global_colors_info=&#8221;{}&#8221; custom_padding__hover=&#8221;|||&#8221;][et_pb_text admin_label=&#8221;Text&#8221; _builder_version=&#8221;4.16&#8243; background_size=&#8221;initial&#8221; background_position=&#8221;top_left&#8221; background_repeat=&#8221;repeat&#8221; global_colors_info=&#8221;{}&#8221;]\n<p><strong>COMUNICADO \u2013 PORTAL DE COMPRAS SESC DEPARTAMENTO NACIONAL&nbsp;<\/strong><\/p>\n\n\n\n<p>No dia&nbsp;<strong>03\/02\/2025<\/strong>&nbsp;entrou em opera\u00e7\u00e3o todos os m\u00f3dulos do Portal de Compras Sesc Departamento Nacional. A partir de agora, al\u00e9m do Cadastro de fornecedores, todas as cota\u00e7\u00f5es, compras diretas e licita\u00e7\u00f5es passam a ser realizadas atrav\u00e9s do Portal em todas as suas etapas, oportunizando que todos os fornecedores previamente homologados na plataforma possam enviar suas propostas\/lances de forma eletr\u00f4nica e acompanhar o andamento dos processos de forma on line.<\/p>\n\n\n\n<p>Clique aqui e acesse o Portal de Compras:<\/p>\n\n\n\n<p><a href=\"https:\/\/egov-br.paradigmabs.com.br\/sescdn\/Default.aspx\" target=\"_blank\" rel=\"noreferrer noopener\">PORTAL DE COMPRAS DEPARTAMENTO NACIONAL<\/a><\/p>\n\n\n\n<p>Todos os processos licitat\u00f3rios que iniciaram antes desta data, ser\u00e3o conduzidos conforme previsto em seus respectivos editais j\u00e1 publicados. Fiquem atentos!<\/p>\n\n\n\n<p>Acompanhem essas licita\u00e7\u00f5es em andamento atrav\u00e9s da aba ao lado (Em andamento \u2013 Publicadas at\u00e9 31\/01\/2025).<\/p>\n[\/et_pb_text][\/et_pb_column][\/et_pb_row][\/et_pb_section]","protected":false},"excerpt":{"rendered":"<p>COMUNICADO \u2013 PORTAL DE COMPRAS SESC DEPARTAMENTO NACIONAL&nbsp; No dia&nbsp;03\/02\/2025&nbsp;entrou em opera\u00e7\u00e3o todos os m\u00f3dulos do Portal de Compras Sesc Departamento Nacional. A partir de agora, al\u00e9m do Cadastro de fornecedores, todas as cota\u00e7\u00f5es, compras diretas e licita\u00e7\u00f5es passam a ser realizadas atrav\u00e9s do Portal em todas as suas etapas, oportunizando que todos os fornecedores [&hellip;]<\/p>\n","protected":false},"author":1,"featured_media":0,"parent":0,"menu_order":0,"comment_status":"closed","ping_status":"closed","template":"","meta":{"_acf_changed":false,"_et_pb_use_builder":"on","_et_pb_old_content":"<!-- wp:paragraph -->\n<p><strong>COMUNICADO \u2013 PORTAL DE COMPRAS SESC DEPARTAMENTO NACIONAL&nbsp;<\/strong><\/p>\n<!-- \/wp:paragraph -->\n\n<!-- wp:paragraph -->\n<p>No dia&nbsp;<strong>03\/02\/2025<\/strong>&nbsp;entrou em opera\u00e7\u00e3o todos os m\u00f3dulos do Portal de Compras Sesc Departamento Nacional. A partir de agora, al\u00e9m do Cadastro de fornecedores, todas as cota\u00e7\u00f5es, compras diretas e licita\u00e7\u00f5es passam a ser realizadas atrav\u00e9s do Portal em todas as suas etapas, oportunizando que todos os fornecedores previamente homologados na plataforma possam enviar suas propostas\/lances de forma eletr\u00f4nica e acompanhar o andamento dos processos de forma on line.<\/p>\n<!-- \/wp:paragraph -->\n\n<!-- wp:paragraph -->\n<p>Clique aqui e acesse o Portal de Compras:<\/p>\n<!-- \/wp:paragraph -->\n\n<!-- wp:paragraph -->\n<p><a href=\"https:\/\/egov-br.paradigmabs.com.br\/sescdn\/Default.aspx\" target=\"_blank\" rel=\"noreferrer noopener\">PORTAL DE COMPRAS DEPARTAMENTO NACIONAL<\/a><\/p>\n<!-- \/wp:paragraph -->\n\n<!-- wp:paragraph -->\n<p>Todos os processos licitat\u00f3rios que iniciaram antes desta data, ser\u00e3o conduzidos conforme previsto em seus respectivos editais j\u00e1 publicados. Fiquem atentos!<\/p>\n<!-- \/wp:paragraph -->\n\n<!-- wp:paragraph -->\n<p>Acompanhem essas licita\u00e7\u00f5es em andamento atrav\u00e9s da aba ao lado (Em andamento \u2013 Publicadas at\u00e9 31\/01\/2025).<\/p>\n<!-- \/wp:paragraph -->","_et_gb_content_width":"","footnotes":""},"class_list":["post-5062","page","type-page","status-publish","hentry"],"acf":[],"_links":{"self":[{"href":"https:\/\/www.sesc.com.br\/sescpantanal\/wp-json\/wp\/v2\/pages\/5062","targetHints":{"allow":["GET"]}}],"collection":[{"href":"https:\/\/www.sesc.com.br\/sescpantanal\/wp-json\/wp\/v2\/pages"}],"about":[{"href":"https:\/\/www.sesc.com.br\/sescpantanal\/wp-json\/wp\/v2\/types\/page"}],"author":[{"embeddable":true,"href":"https:\/\/www.sesc.com.br\/sescpantanal\/wp-json\/wp\/v2\/users\/1"}],"replies":[{"embeddable":true,"href":"https:\/\/www.sesc.com.br\/sescpantanal\/wp-json\/wp\/v2\/comments?post=5062"}],"version-history":[{"count":5,"href":"https:\/\/www.sesc.com.br\/sescpantanal\/wp-json\/wp\/v2\/pages\/5062\/revisions"}],"predecessor-version":[{"id":7055,"href":"https:\/\/www.sesc.com.br\/sescpantanal\/wp-json\/wp\/v2\/pages\/5062\/revisions\/7055"}],"wp:attachment":[{"href":"https:\/\/www.sesc.com.br\/sescpantanal\/wp-json\/wp\/v2\/media?parent=5062"}],"curies":[{"name":"wp","href":"https:\/\/api.w.org\/{rel}","templated":true}]}}